{"id":4326,"date":"2025-10-11T11:51:24","date_gmt":"2025-10-11T08:51:24","guid":{"rendered":"https:\/\/www.riistaravintola.fi\/?page_id=4326"},"modified":"2025-10-11T20:09:27","modified_gmt":"2025-10-11T17:09:27","slug":"joululounas-ryhmille","status":"publish","type":"page","link":"https:\/\/www.riistaravintola.fi\/en\/joululounas-ryhmille\/","title":{"rendered":"Joululounas ryhmille"},"content":{"rendered":"<div data-elementor-type=\"wp-page\" data-elementor-id=\"4326\" class=\"elementor elementor-4326\">\n\t\t\t\t\t\t<section class=\"elementor-section elementor-top-section elementor-element elementor-element-61cbc5a4 elementor-section-full_width elementor-section-height-min-height elementor-section-height-default elementor-section-items-middle\" data-id=\"61cbc5a4\" data-element_type=\"section\" data-e-type=\"section\" data-settings=\"{&quot;background_background&quot;:&quot;classic&quot;}\">\n\t\t\t\t\t\t\t<div class=\"elementor-background-overlay\"><\/div>\n\t\t\t\t\t\t\t<div class=\"elementor-container elementor-column-gap-default\">\n\t\t\t\t\t<div class=\"elementor-column elementor-col-100 elementor-top-column elementor-element elementor-element-14d2fc5d\" data-id=\"14d2fc5d\" data-element_type=\"column\" data-e-type=\"column\">\n\t\t\t<div class=\"elementor-widget-wrap elementor-element-populated\">\n\t\t\t\t\t\t<div class=\"elementor-element elementor-element-6c3b873a elementor-widget elementor-widget-heading\" data-id=\"6c3b873a\" data-element_type=\"widget\" data-e-type=\"widget\" data-widget_type=\"heading.default\">\n\t\t\t\t<div class=\"elementor-widget-container\">\n\t\t\t\t\t<h1 class=\"elementor-heading-title elementor-size-default\">Wild Game Restaurant's<\/h1>\t\t\t\t<\/div>\n\t\t\t\t<\/div>\n\t\t\t\t<div class=\"elementor-element elementor-element-2fe8cc67 elementor-widget elementor-widget-heading\" data-id=\"2fe8cc67\" data-element_type=\"widget\" data-e-type=\"widget\" data-widget_type=\"heading.default\">\n\t\t\t\t<div class=\"elementor-widget-container\">\n\t\t\t\t\t<h1 class=\"elementor-heading-title elementor-size-default\">Christmas Lunch<\/h1>\t\t\t\t<\/div>\n\t\t\t\t<\/div>\n\t\t\t\t\t<\/div>\n\t\t<\/div>\n\t\t\t\t\t<\/div>\n\t\t<\/section>\n\t\t\t\t<section class=\"elementor-section elementor-top-section elementor-element elementor-element-78c7fb7a elementor-section-boxed elementor-section-height-default elementor-section-height-default\" data-id=\"78c7fb7a\" data-element_type=\"section\" data-e-type=\"section\" data-settings=\"{&quot;background_background&quot;:&quot;classic&quot;}\">\n\t\t\t\t\t\t\t<div class=\"elementor-background-overlay\"><\/div>\n\t\t\t\t\t\t\t<div class=\"elementor-container elementor-column-gap-default\">\n\t\t\t\t\t<div class=\"elementor-column elementor-col-100 elementor-top-column elementor-element elementor-element-2b212529\" data-id=\"2b212529\" data-element_type=\"column\" data-e-type=\"column\">\n\t\t\t<div class=\"elementor-widget-wrap elementor-element-populated\">\n\t\t\t\t\t\t<div class=\"elementor-element elementor-element-4c4e2b44 elementor-widget elementor-widget-heading\" data-id=\"4c4e2b44\" data-element_type=\"widget\" data-e-type=\"widget\" data-widget_type=\"heading.default\">\n\t\t\t\t<div class=\"elementor-widget-container\">\n\t\t\t\t\t<h2 class=\"elementor-heading-title elementor-size-default\">Christmas lunch for groups and companies<\/h2>\t\t\t\t<\/div>\n\t\t\t\t<\/div>\n\t\t\t\t<div class=\"elementor-element elementor-element-c96f0bd elementor-widget elementor-widget-heading\" data-id=\"c96f0bd\" data-element_type=\"widget\" data-e-type=\"widget\" data-widget_type=\"heading.default\">\n\t\t\t\t<div class=\"elementor-widget-container\">\n\t\t\t\t\t<h2 class=\"elementor-heading-title elementor-size-default\">Dec 1.-21.2025, 11 am-2 pm<\/h2>\t\t\t\t<\/div>\n\t\t\t\t<\/div>\n\t\t\t\t<div class=\"elementor-element elementor-element-bde617a elementor-widget elementor-widget-text-editor\" data-id=\"bde617a\" data-element_type=\"widget\" data-e-type=\"widget\" data-widget_type=\"text-editor.default\">\n\t\t\t\t<div class=\"elementor-widget-container\">\n\t\t\t\t\t\t\t\t\t<h4>Only by reservation for groups and companies (min. 10 persons).<\/h4>\t\t\t\t\t\t\t\t<\/div>\n\t\t\t\t<\/div>\n\t\t\t\t<div class=\"elementor-element elementor-element-1e2c12c elementor-widget elementor-widget-text-editor\" data-id=\"1e2c12c\" data-element_type=\"widget\" data-e-type=\"widget\" data-widget_type=\"text-editor.default\">\n\t\t\t\t<div class=\"elementor-widget-container\">\n\t\t\t\t\t\t\t\t\t<p>G = Gluten Free \u2022 L = Lactose Free \u2022 VL = Low Lactose \u2022 VE = Vegan<\/p>\t\t\t\t\t\t\t\t<\/div>\n\t\t\t\t<\/div>\n\t\t\t\t<section class=\"elementor-section elementor-inner-section elementor-element elementor-element-7015ab47 elementor-section-content-top elementor-section-boxed elementor-section-height-default elementor-section-height-default\" data-id=\"7015ab47\" data-element_type=\"section\" data-e-type=\"section\">\n\t\t\t\t\t\t<div class=\"elementor-container elementor-column-gap-wide\">\n\t\t\t\t\t<div class=\"elementor-column elementor-col-50 elementor-inner-column elementor-element elementor-element-5c58b11c\" data-id=\"5c58b11c\" data-element_type=\"column\" data-e-type=\"column\" data-settings=\"{&quot;background_background&quot;:&quot;classic&quot;}\">\n\t\t\t<div class=\"elementor-widget-wrap elementor-element-populated\">\n\t\t\t\t\t\t<div class=\"elementor-element elementor-element-9931ff7 elementor-widget elementor-widget-heading\" data-id=\"9931ff7\" data-element_type=\"widget\" data-e-type=\"widget\" data-widget_type=\"heading.default\">\n\t\t\t\t<div class=\"elementor-widget-container\">\n\t\t\t\t\t<h5 class=\"elementor-heading-title elementor-size-default\">Rice porridge<br>\nPlum jelly<br>\nChristmas ham, mustard, sauce<br>\nBoiled potatoes<br>\nCarrot casserole<br>\nSwede casserole<br>\nCold-smoked pike caviar<br>\nRiipinen's vendace assortment<br>\nMushroom salad<br>\nGreen salad<br>\nBread and spreads<br>\nCoffee\/Tea and Christmas tart<\/h5>\t\t\t\t<\/div>\n\t\t\t\t<\/div>\n\t\t\t\t<div class=\"elementor-element elementor-element-8e259db elementor-widget elementor-widget-text-editor\" data-id=\"8e259db\" data-element_type=\"widget\" data-e-type=\"widget\" data-widget_type=\"text-editor.default\">\n\t\t\t\t<div class=\"elementor-widget-container\">\n\t\t\t\t\t\t\t\t\t<p>The dishes are gluten-free, but please ask for gluten-free bread if needed.<\/p>\t\t\t\t\t\t\t\t<\/div>\n\t\t\t\t<\/div>\n\t\t\t\t<div class=\"elementor-element elementor-element-4934475e elementor-widget elementor-widget-text-editor\" data-id=\"4934475e\" data-element_type=\"widget\" data-e-type=\"widget\" data-widget_type=\"text-editor.default\">\n\t\t\t\t<div class=\"elementor-widget-container\">\n\t\t\t\t\t\t\t\t\t<h4>37,00 \u20ac \/ person<\/h4>\t\t\t\t\t\t\t\t<\/div>\n\t\t\t\t<\/div>\n\t\t\t\t\t<\/div>\n\t\t<\/div>\n\t\t\t\t<div class=\"elementor-column elementor-col-50 elementor-inner-column elementor-element elementor-element-341fe587\" data-id=\"341fe587\" data-element_type=\"column\" data-e-type=\"column\">\n\t\t\t<div class=\"elementor-widget-wrap elementor-element-populated\">\n\t\t\t\t\t\t<div class=\"elementor-element elementor-element-27d4ce2a elementor-widget elementor-widget-heading\" data-id=\"27d4ce2a\" data-element_type=\"widget\" data-e-type=\"widget\" data-widget_type=\"heading.default\">\n\t\t\t\t<div class=\"elementor-widget-container\">\n\t\t\t\t\t<h4 class=\"elementor-heading-title elementor-size-default\">Please reserve your table in time!<\/h4>\t\t\t\t<\/div>\n\t\t\t\t<\/div>\n\t\t\t\t<div class=\"elementor-element elementor-element-4421c384 elementor-widget elementor-widget-text-editor\" data-id=\"4421c384\" data-element_type=\"widget\" data-e-type=\"widget\" data-widget_type=\"text-editor.default\">\n\t\t\t\t<div class=\"elementor-widget-container\">\n\t\t\t\t\t\t\t\t\t<p>Reservations and inquiries<br \/>+358 (0)8 868 1219<br \/>riistaravintola@riipisen.fi<\/p>\t\t\t\t\t\t\t\t<\/div>\n\t\t\t\t<\/div>\n\t\t\t\t<div class=\"elementor-element elementor-element-27642a3 elementor-align-center elementor-widget elementor-widget-button\" data-id=\"27642a3\" data-element_type=\"widget\" data-e-type=\"widget\" data-widget_type=\"button.default\">\n\t\t\t\t<div class=\"elementor-widget-container\">\n\t\t\t\t\t\t\t\t\t<div class=\"elementor-button-wrapper\">\n\t\t\t\t\t<a class=\"elementor-button elementor-button-link elementor-size-lg\" href=\"https:\/\/www.riistaravintola.fi\/en\/poytavaraukset\/\">\n\t\t\t\t\t\t<span class=\"elementor-button-content-wrapper\">\n\t\t\t\t\t\t\t\t\t<span class=\"elementor-button-text\">\u00bb TABLE RESERVATIONS<\/span>\n\t\t\t\t\t<\/span>\n\t\t\t\t\t<\/a>\n\t\t\t\t<\/div>\n\t\t\t\t\t\t\t\t<\/div>\n\t\t\t\t<\/div>\n\t\t\t\t<div class=\"elementor-element elementor-element-72f6f37 elementor-widget-divider--view-line elementor-widget elementor-widget-divider\" data-id=\"72f6f37\" data-element_type=\"widget\" data-e-type=\"widget\" data-widget_type=\"divider.default\">\n\t\t\t\t<div class=\"elementor-widget-container\">\n\t\t\t\t\t\t\t<div class=\"elementor-divider\">\n\t\t\t<span class=\"elementor-divider-separator\">\n\t\t\t\t\t\t<\/span>\n\t\t<\/div>\n\t\t\t\t\t\t<\/div>\n\t\t\t\t<\/div>\n\t\t\t\t<div class=\"elementor-element elementor-element-315b727 elementor-widget elementor-widget-text-editor\" data-id=\"315b727\" data-element_type=\"widget\" data-e-type=\"widget\" data-widget_type=\"text-editor.default\">\n\t\t\t\t<div class=\"elementor-widget-container\">\n\t\t\t\t\t\t\t\t\t<p>OPEN<br \/>Mon-Sun 1 pm\u20139 pm<br \/>(the kitchen closes 30 minutes before the restaurant closes)<\/p><p>Rukatunturintie 6, FI93830 Rukatunturi, Finland<br \/>tel. +358 8 868 1219<\/p>\t\t\t\t\t\t\t\t<\/div>\n\t\t\t\t<\/div>\n\t\t\t\t\t<\/div>\n\t\t<\/div>\n\t\t\t\t\t<\/div>\n\t\t<\/section>\n\t\t\t\t\t<\/div>\n\t\t<\/div>\n\t\t\t\t\t<\/div>\n\t\t<\/section>\n\t\t\t\t<section class=\"elementor-section elementor-top-section elementor-element elementor-element-3b51a84 elementor-section-boxed elementor-section-height-default elementor-section-height-default\" data-id=\"3b51a84\" data-element_type=\"section\" data-e-type=\"section\" data-settings=\"{&quot;background_background&quot;:&quot;classic&quot;}\">\n\t\t\t\t\t\t<div class=\"elementor-container elementor-column-gap-default\">\n\t\t\t\t\t<div class=\"elementor-column elementor-col-100 elementor-top-column elementor-element elementor-element-2cc6156\" data-id=\"2cc6156\" data-element_type=\"column\" data-e-type=\"column\">\n\t\t\t<div class=\"elementor-widget-wrap elementor-element-populated\">\n\t\t\t\t\t\t<div class=\"elementor-element elementor-element-908c950 elementor-widget elementor-widget-shortcode\" data-id=\"908c950\" data-element_type=\"widget\" data-e-type=\"widget\" data-widget_type=\"shortcode.default\">\n\t\t\t\t<div class=\"elementor-widget-container\">\n\t\t\t\t\t\t\t<div class=\"elementor-shortcode\"><\/div>\n\t\t\t\t\t\t<\/div>\n\t\t\t\t<\/div>\n\t\t\t\t\t<\/div>\n\t\t<\/div>\n\t\t\t\t\t<\/div>\n\t\t<\/section>\n\t\t\t\t<\/div>","protected":false},"excerpt":{"rendered":"<p>Riistaravintolan Joululounas Joululounas ryhmille ja yrityksille 1.-21.12.2025 klo 11-14 Vain p\u00f6yt\u00e4varauksilla ryhmille ja yrityksille (min 10 hl\u00f6). G = Gluteeniton \u2022 L = Laktoositon \u2022 VL = V\u00e4h\u00e4laktoosinen \u2022 VE = Vegaaninen Riisipuuro Luumukiisseli Joulukinkku, sinappi, kastike Keitetty\u00e4 perunaa Porkkanalaatikko Lanttulaatikko Kylm\u00e4savuhaukikaviaari Riipisen muikkulajitelma Sienisalaatti Vihersalaatti Leip\u00e4 &amp; levite Kahvi\/Tee ja joulutorttu Ruoat ovat gluteenittomia [&hellip;]<\/p>\n","protected":false},"author":6,"featured_media":2440,"parent":0,"menu_order":0,"comment_status":"closed","ping_status":"closed","template":"","meta":{"footnotes":""},"class_list":["post-4326","page","type-page","status-publish","has-post-thumbnail","hentry"],"yoast_head":"<!-- This site is optimized with the Yoast SEO plugin v27.4 - https:\/\/yoast.com\/product\/yoast-seo-wordpress\/ -->\n<title>Joululounas ryhmille - Riipisen Riistaravintola<\/title>\n<meta name=\"description\" content=\"Riipisen Riistaravintola - Aitoa villiruokaa jo vuodesta 1989\" \/>\n<meta name=\"robots\" content=\"index, follow, max-snippet:-1, max-image-preview:large, max-video-preview:-1\" \/>\n<link rel=\"canonical\" href=\"https:\/\/www.riistaravintola.fi\/en\/joululounas-ryhmille\/\" \/>\n<meta property=\"og:locale\" content=\"en_GB\" \/>\n<meta property=\"og:type\" content=\"article\" \/>\n<meta property=\"og:title\" content=\"Joululounas ryhmille - Riipisen Riistaravintola\" \/>\n<meta property=\"og:description\" content=\"Riipisen Riistaravintola - Aitoa villiruokaa jo vuodesta 1989\" \/>\n<meta property=\"og:url\" content=\"https:\/\/www.riistaravintola.fi\/en\/joululounas-ryhmille\/\" \/>\n<meta property=\"og:site_name\" content=\"Riipisen Riistaravintola\" \/>\n<meta property=\"article:publisher\" content=\"https:\/\/www.facebook.com\/RiipisenRiistaravintola\" \/>\n<meta property=\"article:modified_time\" content=\"2025-10-11T17:09:27+00:00\" \/>\n<meta property=\"og:image\" content=\"https:\/\/www.riistaravintola.fi\/wp-content\/uploads\/2023\/09\/Riipisen-hirvipippuripihvi-scaled.jpg\" \/>\n\t<meta property=\"og:image:width\" content=\"2048\" \/>\n\t<meta property=\"og:image:height\" content=\"1366\" \/>\n\t<meta property=\"og:image:type\" content=\"image\/jpeg\" \/>\n<meta name=\"twitter:label1\" content=\"Estimated reading time\" \/>\n\t<meta name=\"twitter:data1\" content=\"1 minute\" \/>\n<script type=\"application\/ld+json\" class=\"yoast-schema-graph\">{\"@context\":\"https:\\\/\\\/schema.org\",\"@graph\":[{\"@type\":\"WebPage\",\"@id\":\"https:\\\/\\\/www.riistaravintola.fi\\\/joululounas-ryhmille\\\/\",\"url\":\"https:\\\/\\\/www.riistaravintola.fi\\\/joululounas-ryhmille\\\/\",\"name\":\"Joululounas ryhmille - Riipisen Riistaravintola\",\"isPartOf\":{\"@id\":\"https:\\\/\\\/www.riistaravintola.fi\\\/#website\"},\"primaryImageOfPage\":{\"@id\":\"https:\\\/\\\/www.riistaravintola.fi\\\/joululounas-ryhmille\\\/#primaryimage\"},\"image\":{\"@id\":\"https:\\\/\\\/www.riistaravintola.fi\\\/joululounas-ryhmille\\\/#primaryimage\"},\"thumbnailUrl\":\"https:\\\/\\\/www.riistaravintola.fi\\\/wp-content\\\/uploads\\\/2023\\\/09\\\/Riipisen-hirvipippuripihvi-scaled.jpg\",\"datePublished\":\"2025-10-11T08:51:24+00:00\",\"dateModified\":\"2025-10-11T17:09:27+00:00\",\"description\":\"Riipisen Riistaravintola - Aitoa villiruokaa jo vuodesta 1989\",\"inLanguage\":\"en-GB\",\"potentialAction\":[{\"@type\":\"ReadAction\",\"target\":[\"https:\\\/\\\/www.riistaravintola.fi\\\/joululounas-ryhmille\\\/\"]}]},{\"@type\":\"ImageObject\",\"inLanguage\":\"en-GB\",\"@id\":\"https:\\\/\\\/www.riistaravintola.fi\\\/joululounas-ryhmille\\\/#primaryimage\",\"url\":\"https:\\\/\\\/www.riistaravintola.fi\\\/wp-content\\\/uploads\\\/2023\\\/09\\\/Riipisen-hirvipippuripihvi-scaled.jpg\",\"contentUrl\":\"https:\\\/\\\/www.riistaravintola.fi\\\/wp-content\\\/uploads\\\/2023\\\/09\\\/Riipisen-hirvipippuripihvi-scaled.jpg\",\"width\":2048,\"height\":1366},{\"@type\":\"WebSite\",\"@id\":\"https:\\\/\\\/www.riistaravintola.fi\\\/#website\",\"url\":\"https:\\\/\\\/www.riistaravintola.fi\\\/\",\"name\":\"Riipisen Riistaravintola\",\"description\":\"Aitoa villiruokaa jo vuodesta 1989\",\"publisher\":{\"@id\":\"https:\\\/\\\/www.riistaravintola.fi\\\/#organization\"},\"potentialAction\":[{\"@type\":\"SearchAction\",\"target\":{\"@type\":\"EntryPoint\",\"urlTemplate\":\"https:\\\/\\\/www.riistaravintola.fi\\\/?s={search_term_string}\"},\"query-input\":{\"@type\":\"PropertyValueSpecification\",\"valueRequired\":true,\"valueName\":\"search_term_string\"}}],\"inLanguage\":\"en-GB\"},{\"@type\":\"Organization\",\"@id\":\"https:\\\/\\\/www.riistaravintola.fi\\\/#organization\",\"name\":\"Riipisen Riistaravintola\",\"url\":\"https:\\\/\\\/www.riistaravintola.fi\\\/\",\"logo\":{\"@type\":\"ImageObject\",\"inLanguage\":\"en-GB\",\"@id\":\"https:\\\/\\\/www.riistaravintola.fi\\\/#\\\/schema\\\/logo\\\/image\\\/\",\"url\":\"https:\\\/\\\/www.riistaravintola.fi\\\/wp-content\\\/uploads\\\/2023\\\/09\\\/riipisen_logo.jpg\",\"contentUrl\":\"https:\\\/\\\/www.riistaravintola.fi\\\/wp-content\\\/uploads\\\/2023\\\/09\\\/riipisen_logo.jpg\",\"width\":400,\"height\":277,\"caption\":\"Riipisen Riistaravintola\"},\"image\":{\"@id\":\"https:\\\/\\\/www.riistaravintola.fi\\\/#\\\/schema\\\/logo\\\/image\\\/\"},\"sameAs\":[\"https:\\\/\\\/www.facebook.com\\\/RiipisenRiistaravintola\",\"https:\\\/\\\/www.instagram.com\\\/riipisenriistaravintola\"]}]}<\/script>\n<!-- \/ Yoast SEO plugin. -->","yoast_head_json":{"title":"Joululounas ryhmille - Riipisen Riistaravintola","description":"Riipisen Riistaravintola - Aitoa villiruokaa jo vuodesta 1989","robots":{"index":"index","follow":"follow","max-snippet":"max-snippet:-1","max-image-preview":"max-image-preview:large","max-video-preview":"max-video-preview:-1"},"canonical":"https:\/\/www.riistaravintola.fi\/en\/joululounas-ryhmille\/","og_locale":"en_GB","og_type":"article","og_title":"Joululounas ryhmille - Riipisen Riistaravintola","og_description":"Riipisen Riistaravintola - Aitoa villiruokaa jo vuodesta 1989","og_url":"https:\/\/www.riistaravintola.fi\/en\/joululounas-ryhmille\/","og_site_name":"Riipisen Riistaravintola","article_publisher":"https:\/\/www.facebook.com\/RiipisenRiistaravintola","article_modified_time":"2025-10-11T17:09:27+00:00","og_image":[{"width":2048,"height":1366,"url":"https:\/\/www.riistaravintola.fi\/wp-content\/uploads\/2023\/09\/Riipisen-hirvipippuripihvi-scaled.jpg","type":"image\/jpeg"}],"twitter_misc":{"Estimated reading time":"1 minute"},"schema":{"@context":"https:\/\/schema.org","@graph":[{"@type":"WebPage","@id":"https:\/\/www.riistaravintola.fi\/joululounas-ryhmille\/","url":"https:\/\/www.riistaravintola.fi\/joululounas-ryhmille\/","name":"Joululounas ryhmille - Riipisen Riistaravintola","isPartOf":{"@id":"https:\/\/www.riistaravintola.fi\/#website"},"primaryImageOfPage":{"@id":"https:\/\/www.riistaravintola.fi\/joululounas-ryhmille\/#primaryimage"},"image":{"@id":"https:\/\/www.riistaravintola.fi\/joululounas-ryhmille\/#primaryimage"},"thumbnailUrl":"https:\/\/www.riistaravintola.fi\/wp-content\/uploads\/2023\/09\/Riipisen-hirvipippuripihvi-scaled.jpg","datePublished":"2025-10-11T08:51:24+00:00","dateModified":"2025-10-11T17:09:27+00:00","description":"Riipisen Riistaravintola - Aitoa villiruokaa jo vuodesta 1989","inLanguage":"en-GB","potentialAction":[{"@type":"ReadAction","target":["https:\/\/www.riistaravintola.fi\/joululounas-ryhmille\/"]}]},{"@type":"ImageObject","inLanguage":"en-GB","@id":"https:\/\/www.riistaravintola.fi\/joululounas-ryhmille\/#primaryimage","url":"https:\/\/www.riistaravintola.fi\/wp-content\/uploads\/2023\/09\/Riipisen-hirvipippuripihvi-scaled.jpg","contentUrl":"https:\/\/www.riistaravintola.fi\/wp-content\/uploads\/2023\/09\/Riipisen-hirvipippuripihvi-scaled.jpg","width":2048,"height":1366},{"@type":"WebSite","@id":"https:\/\/www.riistaravintola.fi\/#website","url":"https:\/\/www.riistaravintola.fi\/","name":"Riipisen Wild Game Restaurant","description":"Authentic Wild Food Since 1989","publisher":{"@id":"https:\/\/www.riistaravintola.fi\/#organization"},"potentialAction":[{"@type":"SearchAction","target":{"@type":"EntryPoint","urlTemplate":"https:\/\/www.riistaravintola.fi\/?s={search_term_string}"},"query-input":{"@type":"PropertyValueSpecification","valueRequired":true,"valueName":"search_term_string"}}],"inLanguage":"en-GB"},{"@type":"Organization","@id":"https:\/\/www.riistaravintola.fi\/#organization","name":"Riipisen Wild Game Restaurant","url":"https:\/\/www.riistaravintola.fi\/","logo":{"@type":"ImageObject","inLanguage":"en-GB","@id":"https:\/\/www.riistaravintola.fi\/#\/schema\/logo\/image\/","url":"https:\/\/www.riistaravintola.fi\/wp-content\/uploads\/2023\/09\/riipisen_logo.jpg","contentUrl":"https:\/\/www.riistaravintola.fi\/wp-content\/uploads\/2023\/09\/riipisen_logo.jpg","width":400,"height":277,"caption":"Riipisen Riistaravintola"},"image":{"@id":"https:\/\/www.riistaravintola.fi\/#\/schema\/logo\/image\/"},"sameAs":["https:\/\/www.facebook.com\/RiipisenRiistaravintola","https:\/\/www.instagram.com\/riipisenriistaravintola"]}]}},"_links":{"self":[{"href":"https:\/\/www.riistaravintola.fi\/en\/wp-json\/wp\/v2\/pages\/4326","targetHints":{"allow":["GET"]}}],"collection":[{"href":"https:\/\/www.riistaravintola.fi\/en\/wp-json\/wp\/v2\/pages"}],"about":[{"href":"https:\/\/www.riistaravintola.fi\/en\/wp-json\/wp\/v2\/types\/page"}],"author":[{"embeddable":true,"href":"https:\/\/www.riistaravintola.fi\/en\/wp-json\/wp\/v2\/users\/6"}],"replies":[{"embeddable":true,"href":"https:\/\/www.riistaravintola.fi\/en\/wp-json\/wp\/v2\/comments?post=4326"}],"version-history":[{"count":10,"href":"https:\/\/www.riistaravintola.fi\/en\/wp-json\/wp\/v2\/pages\/4326\/revisions"}],"predecessor-version":[{"id":4338,"href":"https:\/\/www.riistaravintola.fi\/en\/wp-json\/wp\/v2\/pages\/4326\/revisions\/4338"}],"wp:featuredmedia":[{"embeddable":true,"href":"https:\/\/www.riistaravintola.fi\/en\/wp-json\/wp\/v2\/media\/2440"}],"wp:attachment":[{"href":"https:\/\/www.riistaravintola.fi\/en\/wp-json\/wp\/v2\/media?parent=4326"}],"curies":[{"name":"wp","href":"https:\/\/api.w.org\/{rel}","templated":true}]}}