{"id":3514,"date":"2023-10-13T21:54:28","date_gmt":"2023-10-13T18:54:28","guid":{"rendered":"https:\/\/www.riistaravintola.fi\/?page_id=3514"},"modified":"2025-12-01T12:28:36","modified_gmt":"2025-12-01T10:28:36","slug":"jouluaatto","status":"publish","type":"page","link":"https:\/\/www.riistaravintola.fi\/en\/jouluaatto\/","title":{"rendered":"Jouluaatto 24.12."},"content":{"rendered":"<div data-elementor-type=\"wp-page\" data-elementor-id=\"3514\" class=\"elementor elementor-3514\">\n\t\t\t\t\t\t<section class=\"elementor-section elementor-top-section elementor-element elementor-element-3b5517c6 elementor-section-full_width elementor-section-height-min-height elementor-section-height-default elementor-section-items-middle\" data-id=\"3b5517c6\" data-element_type=\"section\" data-e-type=\"section\" data-settings=\"{&quot;background_background&quot;:&quot;classic&quot;}\">\n\t\t\t\t\t\t\t<div class=\"elementor-background-overlay\"><\/div>\n\t\t\t\t\t\t\t<div class=\"elementor-container elementor-column-gap-default\">\n\t\t\t\t\t<div class=\"elementor-column elementor-col-100 elementor-top-column elementor-element elementor-element-49459338\" data-id=\"49459338\" data-element_type=\"column\" data-e-type=\"column\">\n\t\t\t<div class=\"elementor-widget-wrap elementor-element-populated\">\n\t\t\t\t\t\t<div class=\"elementor-element elementor-element-670d025e elementor-widget elementor-widget-heading\" data-id=\"670d025e\" data-element_type=\"widget\" data-e-type=\"widget\" data-widget_type=\"heading.default\">\n\t\t\t\t<div class=\"elementor-widget-container\">\n\t\t\t\t\t<h1 class=\"elementor-heading-title elementor-size-default\">Wild Game Restaurant's<\/h1>\t\t\t\t<\/div>\n\t\t\t\t<\/div>\n\t\t\t\t<div class=\"elementor-element elementor-element-7f2eabd elementor-widget elementor-widget-heading\" data-id=\"7f2eabd\" data-element_type=\"widget\" data-e-type=\"widget\" data-widget_type=\"heading.default\">\n\t\t\t\t<div class=\"elementor-widget-container\">\n\t\t\t\t\t<h1 class=\"elementor-heading-title elementor-size-default\">Christmas Eve<\/h1>\t\t\t\t<\/div>\n\t\t\t\t<\/div>\n\t\t\t\t\t<\/div>\n\t\t<\/div>\n\t\t\t\t\t<\/div>\n\t\t<\/section>\n\t\t\t\t<section class=\"elementor-section elementor-top-section elementor-element elementor-element-3b390fcf elementor-section-boxed elementor-section-height-default elementor-section-height-default\" data-id=\"3b390fcf\" data-element_type=\"section\" data-e-type=\"section\" data-settings=\"{&quot;background_background&quot;:&quot;classic&quot;}\">\n\t\t\t\t\t\t\t<div class=\"elementor-background-overlay\"><\/div>\n\t\t\t\t\t\t\t<div class=\"elementor-container elementor-column-gap-default\">\n\t\t\t\t\t<div class=\"elementor-column elementor-col-100 elementor-top-column elementor-element elementor-element-15c0a676\" data-id=\"15c0a676\" data-element_type=\"column\" data-e-type=\"column\">\n\t\t\t<div class=\"elementor-widget-wrap elementor-element-populated\">\n\t\t\t\t\t\t<div class=\"elementor-element elementor-element-3f80140d elementor-widget elementor-widget-heading\" data-id=\"3f80140d\" data-element_type=\"widget\" data-e-type=\"widget\" data-widget_type=\"heading.default\">\n\t\t\t\t<div class=\"elementor-widget-container\">\n\t\t\t\t\t<h2 class=\"elementor-heading-title elementor-size-default\">Christmas Eve Buffet<\/h2>\t\t\t\t<\/div>\n\t\t\t\t<\/div>\n\t\t\t\t<div class=\"elementor-element elementor-element-7c1edb31 elementor-widget elementor-widget-text-editor\" data-id=\"7c1edb31\" data-element_type=\"widget\" data-e-type=\"widget\" data-widget_type=\"text-editor.default\">\n\t\t\t\t<div class=\"elementor-widget-container\">\n\t\t\t\t\t\t\t\t\t<h4>Jouluaaton Buffet tarjolla keskiviikkona 24.12. klo 13-22 (vain p\u00f6yt\u00e4varauksella)<\/h4><h4>(A la carte menu not available on Christmasday)<\/h4><div>Meal times: 1pm, 1:15pm, 1:30pm, 1:45pm, 3pm, 3:15pm, 3:30pm, 3:45pm, 5pm, 5:15pm, 5:30pm, 5:45pm, 7pm, 7:15pm, 7:30pm and 7:45pm<\/div><p>Come alone, as a couple or with a group to feast on our extensive buffet-table!<\/p><p>(Buffetin hinta ja sis\u00e4lt\u00f6 vahvistetaan aina lokakuun aikana)<\/p>\t\t\t\t\t\t\t\t<\/div>\n\t\t\t\t<\/div>\n\t\t\t\t<div class=\"elementor-element elementor-element-9646810 elementor-widget elementor-widget-text-editor\" data-id=\"9646810\" data-element_type=\"widget\" data-e-type=\"widget\" data-widget_type=\"text-editor.default\">\n\t\t\t\t<div class=\"elementor-widget-container\">\n\t\t\t\t\t\t\t\t\t<p>G = Gluten Free \u2022 L = Lactose Free \u2022 M = Dairy Free<\/p>\t\t\t\t\t\t\t\t<\/div>\n\t\t\t\t<\/div>\n\t\t\t\t<section class=\"elementor-section elementor-inner-section elementor-element elementor-element-33dca1a elementor-section-content-top elementor-section-boxed elementor-section-height-default elementor-section-height-default\" data-id=\"33dca1a\" data-element_type=\"section\" data-e-type=\"section\">\n\t\t\t\t\t\t<div class=\"elementor-container elementor-column-gap-wide\">\n\t\t\t\t\t<div class=\"elementor-column elementor-col-50 elementor-inner-column elementor-element elementor-element-a316238\" data-id=\"a316238\" data-element_type=\"column\" data-e-type=\"column\" data-settings=\"{&quot;background_background&quot;:&quot;classic&quot;}\">\n\t\t\t<div class=\"elementor-widget-wrap elementor-element-populated\">\n\t\t\t\t\t\t<div class=\"elementor-element elementor-element-5d76719 elementor-widget elementor-widget-heading\" data-id=\"5d76719\" data-element_type=\"widget\" data-e-type=\"widget\" data-widget_type=\"heading.default\">\n\t\t\t\t<div class=\"elementor-widget-container\">\n\t\t\t\t\t<h4 class=\"elementor-heading-title elementor-size-default\">APPETIZERS<\/h4>\t\t\t\t<\/div>\n\t\t\t\t<\/div>\n\t\t\t\t<div class=\"elementor-element elementor-element-7995d90 elementor-widget elementor-widget-text-editor\" data-id=\"7995d90\" data-element_type=\"widget\" data-e-type=\"widget\" data-widget_type=\"text-editor.default\">\n\t\t\t\t<div class=\"elementor-widget-container\">\n\t\t\t\t\t\t\t\t\t<p>Riipisen Vendace selection (M, G)<br \/>Salmon and Dill (M, G)<br \/>Smoked salmon from Kuusamo (M, G)<br \/>Whitefish and juniper berry (M, G)<br \/>M\u00e4tismetanamoussea muikun m\u00e4dist\u00e4 (L, G)<br \/>Game pate and blackcurrant jelly (L, G)<br \/>Smoked reindeer roast and red onion compote (L, G)<br \/>Savustettua kalkkunanpaistia ja tervavinaigrette\u00e4 (M, G)<br \/>Riipisen porosalamia (L, G)<br \/>Riipisen hirvisalamia (L, G)<br \/>Riipinen berry syrups (M, G)<br \/>Fresh Christmas green salad (M, G)<br \/>Traditional mushroom salad (L, G)<br \/>Rosolli and beetroot stew (L, G)<br \/>Kuusamo smoked cheese (L, G)<br \/>Bread selection and spread (L, on request G)<\/p>\t\t\t\t\t\t\t\t<\/div>\n\t\t\t\t<\/div>\n\t\t\t\t<div class=\"elementor-element elementor-element-49cf30d elementor-widget elementor-widget-heading\" data-id=\"49cf30d\" data-element_type=\"widget\" data-e-type=\"widget\" data-widget_type=\"heading.default\">\n\t\t\t\t<div class=\"elementor-widget-container\">\n\t\t\t\t\t<h4 class=\"elementor-heading-title elementor-size-default\">WARM OFFERS<\/h4>\t\t\t\t<\/div>\n\t\t\t\t<\/div>\n\t\t\t\t<div class=\"elementor-element elementor-element-922c134 elementor-widget elementor-widget-text-editor\" data-id=\"922c134\" data-element_type=\"widget\" data-e-type=\"widget\" data-widget_type=\"text-editor.default\">\n\t\t\t\t<div class=\"elementor-widget-container\">\n\t\t\t\t\t\t\t\t\t<p>Kuusamolaista Poropataa (M, G)<br \/>Kotimaista Ylikyps\u00e4\u00e4 Villisikaa (L, G)<br \/>Traditional Christmas ham with mustard dressing (M, G)<br \/>Riipinen cognac and tar mustard (M, G)<br \/>Lihapullia (M, G)<br \/>Nakkeja (M, G)<br \/>Lanttulaatikkoa (L, G)<br \/>Porkkanalaatikkoa (L, G)<br \/>Bataattilaatikkoa (L, G)<br \/>Blue cheese-beetroot roast (L, G)<br \/>Perunamuusia (L, G)<\/p>\t\t\t\t\t\t\t\t<\/div>\n\t\t\t\t<\/div>\n\t\t\t\t<div class=\"elementor-element elementor-element-feec364 elementor-widget elementor-widget-heading\" data-id=\"feec364\" data-element_type=\"widget\" data-e-type=\"widget\" data-widget_type=\"heading.default\">\n\t\t\t\t<div class=\"elementor-widget-container\">\n\t\t\t\t\t<h4 class=\"elementor-heading-title elementor-size-default\">DESSERT<\/h4>\t\t\t\t<\/div>\n\t\t\t\t<\/div>\n\t\t\t\t<div class=\"elementor-element elementor-element-df1a1b6 elementor-widget elementor-widget-text-editor\" data-id=\"df1a1b6\" data-element_type=\"widget\" data-e-type=\"widget\" data-widget_type=\"text-editor.default\">\n\t\t\t\t<div class=\"elementor-widget-container\">\n\t\t\t\t\t\t\t\t\t<p>Vadelmaista Juustokakkua (L, G)<br \/>Plum with rum raisin curd with gingerbread crumbs (L)<br \/>Gingerbread and pretzels Coffee, tea and mulled wine<\/p>\t\t\t\t\t\t\t\t<\/div>\n\t\t\t\t<\/div>\n\t\t\t\t<div class=\"elementor-element elementor-element-798bcff elementor-widget elementor-widget-text-editor\" data-id=\"798bcff\" data-element_type=\"widget\" data-e-type=\"widget\" data-widget_type=\"text-editor.default\">\n\t\t\t\t<div class=\"elementor-widget-container\">\n\t\t\t\t\t\t\t\t\t<h4>75,00 \u20ac \/ hl\u00f6<\/h4><p>Children (4-12 years) 29,00 \u20ac\/person<br \/>Children 0-3 years 0 \u20ac<\/p>\t\t\t\t\t\t\t\t<\/div>\n\t\t\t\t<\/div>\n\t\t\t\t\t<\/div>\n\t\t<\/div>\n\t\t\t\t<div class=\"elementor-column elementor-col-50 elementor-inner-column elementor-element elementor-element-2a645b6\" data-id=\"2a645b6\" data-element_type=\"column\" data-e-type=\"column\">\n\t\t\t<div class=\"elementor-widget-wrap elementor-element-populated\">\n\t\t\t\t\t\t<div class=\"elementor-element elementor-element-ab51bff elementor-widget elementor-widget-heading\" data-id=\"ab51bff\" data-element_type=\"widget\" data-e-type=\"widget\" data-widget_type=\"heading.default\">\n\t\t\t\t<div class=\"elementor-widget-container\">\n\t\t\t\t\t<h4 class=\"elementor-heading-title elementor-size-default\">Please reserve your table in time!<\/h4>\t\t\t\t<\/div>\n\t\t\t\t<\/div>\n\t\t\t\t<div class=\"elementor-element elementor-element-6a68e3d elementor-widget elementor-widget-text-editor\" data-id=\"6a68e3d\" data-element_type=\"widget\" data-e-type=\"widget\" data-widget_type=\"text-editor.default\">\n\t\t\t\t<div class=\"elementor-widget-container\">\n\t\t\t\t\t\t\t\t\t<p>Reservations and inquiries<br \/>+358 (0)8 868 1219<br \/>riistaravintola@riipisen.fi<\/p>\t\t\t\t\t\t\t\t<\/div>\n\t\t\t\t<\/div>\n\t\t\t\t<div class=\"elementor-element elementor-element-23e04dc elementor-align-center elementor-widget elementor-widget-button\" data-id=\"23e04dc\" data-element_type=\"widget\" data-e-type=\"widget\" data-widget_type=\"button.default\">\n\t\t\t\t<div class=\"elementor-widget-container\">\n\t\t\t\t\t\t\t\t\t<div class=\"elementor-button-wrapper\">\n\t\t\t\t\t<a class=\"elementor-button elementor-button-link elementor-size-lg\" href=\"https:\/\/www.riistaravintola.fi\/en\/poytavaraukset\/\">\n\t\t\t\t\t\t<span class=\"elementor-button-content-wrapper\">\n\t\t\t\t\t\t\t\t\t<span class=\"elementor-button-text\">\u00bb TABLE RESERVATIONS<\/span>\n\t\t\t\t\t<\/span>\n\t\t\t\t\t<\/a>\n\t\t\t\t<\/div>\n\t\t\t\t\t\t\t\t<\/div>\n\t\t\t\t<\/div>\n\t\t\t\t<div class=\"elementor-element elementor-element-41be421 elementor-widget-divider--view-line elementor-widget elementor-widget-divider\" data-id=\"41be421\" data-element_type=\"widget\" data-e-type=\"widget\" data-widget_type=\"divider.default\">\n\t\t\t\t<div class=\"elementor-widget-container\">\n\t\t\t\t\t\t\t<div class=\"elementor-divider\">\n\t\t\t<span class=\"elementor-divider-separator\">\n\t\t\t\t\t\t<\/span>\n\t\t<\/div>\n\t\t\t\t\t\t<\/div>\n\t\t\t\t<\/div>\n\t\t\t\t<div class=\"elementor-element elementor-element-a083c03 elementor-widget elementor-widget-text-editor\" data-id=\"a083c03\" data-element_type=\"widget\" data-e-type=\"widget\" data-widget_type=\"text-editor.default\">\n\t\t\t\t<div class=\"elementor-widget-container\">\n\t\t\t\t\t\t\t\t\t<p>AVOINNA \/ OPEN<\/p><p>Joulu 24.12. Christmas Eve<\/p><p>13-22<br \/>1 pm- 10pm<\/p><p>Rukatunturintie 6, FI93830 Rukatunturi, Finland<br \/>tel. +358 8 868 1219<\/p>\t\t\t\t\t\t\t\t<\/div>\n\t\t\t\t<\/div>\n\t\t\t\t\t<\/div>\n\t\t<\/div>\n\t\t\t\t\t<\/div>\n\t\t<\/section>\n\t\t\t\t<div class=\"elementor-element elementor-element-16d464af elementor-widget-divider--view-line elementor-widget elementor-widget-divider\" data-id=\"16d464af\" data-element_type=\"widget\" data-e-type=\"widget\" data-widget_type=\"divider.default\">\n\t\t\t\t<div class=\"elementor-widget-container\">\n\t\t\t\t\t\t\t<div class=\"elementor-divider\">\n\t\t\t<span class=\"elementor-divider-separator\">\n\t\t\t\t\t\t<\/span>\n\t\t<\/div>\n\t\t\t\t\t\t<\/div>\n\t\t\t\t<\/div>\n\t\t\t\t\t<\/div>\n\t\t<\/div>\n\t\t\t\t\t<\/div>\n\t\t<\/section>\n\t\t\t\t<section class=\"elementor-section elementor-top-section elementor-element elementor-element-c32345f elementor-section-boxed elementor-section-height-default elementor-section-height-default\" data-id=\"c32345f\" data-element_type=\"section\" data-e-type=\"section\" data-settings=\"{&quot;background_background&quot;:&quot;classic&quot;}\">\n\t\t\t\t\t\t<div class=\"elementor-container elementor-column-gap-default\">\n\t\t\t\t\t<div class=\"elementor-column elementor-col-100 elementor-top-column elementor-element elementor-element-664cf64\" data-id=\"664cf64\" data-element_type=\"column\" data-e-type=\"column\">\n\t\t\t<div class=\"elementor-widget-wrap elementor-element-populated\">\n\t\t\t\t\t\t<div class=\"elementor-element elementor-element-78f7f1b elementor-widget elementor-widget-shortcode\" data-id=\"78f7f1b\" data-element_type=\"widget\" data-e-type=\"widget\" data-widget_type=\"shortcode.default\">\n\t\t\t\t<div class=\"elementor-widget-container\">\n\t\t\t\t\t\t\t<div class=\"elementor-shortcode\"><\/div>\n\t\t\t\t\t\t<\/div>\n\t\t\t\t<\/div>\n\t\t\t\t\t<\/div>\n\t\t<\/div>\n\t\t\t\t\t<\/div>\n\t\t<\/section>\n\t\t\t\t<\/div>","protected":false},"excerpt":{"rendered":"<p>Riistaravintolan Jouluaatto Jouluaaton Buffet Jouluaaton Buffet tarjolla keskiviikkona 24.12. klo 13-22 (vain p\u00f6yt\u00e4varauksella) (Joulup\u00e4iv\u00e4n\u00e4 a la carte lista ei k\u00e4yt\u00f6ss\u00e4) Kattaukset: 13:00, 13.15, 13:30, 13:45, 15:00, 15:15, 15:30, 15:45, 17:00, 17:15, 17:30, 17:45, 19:00, 19:15, 19:30 ja 19:45 Tule yksin, kaksin tai porukalla herkuttelemaan kattavasta juhlap\u00f6yd\u00e4st\u00e4mme! (Buffetin hinta ja sis\u00e4lt\u00f6 vahvistetaan aina lokakuun aikana) G [&hellip;]<\/p>\n","protected":false},"author":6,"featured_media":1828,"parent":0,"menu_order":0,"comment_status":"closed","ping_status":"closed","template":"","meta":{"footnotes":""},"class_list":["post-3514","page","type-page","status-publish","has-post-thumbnail","hentry"],"yoast_head":"<!-- This site is optimized with the Yoast SEO plugin v27.4 - https:\/\/yoast.com\/product\/yoast-seo-wordpress\/ -->\n<title>Jouluaatto 24.12. - Riipisen Riistaravintola<\/title>\n<meta name=\"description\" content=\"Riipisen Riistaravintola - Aitoa villiruokaa jo vuodesta 1989\" \/>\n<meta name=\"robots\" content=\"index, follow, max-snippet:-1, max-image-preview:large, max-video-preview:-1\" \/>\n<link rel=\"canonical\" href=\"https:\/\/www.riistaravintola.fi\/en\/jouluaatto\/\" \/>\n<meta property=\"og:locale\" content=\"en_GB\" \/>\n<meta property=\"og:type\" content=\"article\" \/>\n<meta property=\"og:title\" content=\"Jouluaatto 24.12. - Riipisen Riistaravintola\" \/>\n<meta property=\"og:description\" content=\"Riipisen Riistaravintola - Aitoa villiruokaa jo vuodesta 1989\" \/>\n<meta property=\"og:url\" content=\"https:\/\/www.riistaravintola.fi\/en\/jouluaatto\/\" \/>\n<meta property=\"og:site_name\" content=\"Riipisen Riistaravintola\" \/>\n<meta property=\"article:publisher\" content=\"https:\/\/www.facebook.com\/RiipisenRiistaravintola\" \/>\n<meta property=\"article:modified_time\" content=\"2025-12-01T10:28:36+00:00\" \/>\n<meta property=\"og:image\" content=\"https:\/\/www.riistaravintola.fi\/wp-content\/uploads\/2018\/04\/Riipisen_Riistaravintola_8.2.2018-49.jpg\" \/>\n\t<meta property=\"og:image:width\" content=\"1000\" \/>\n\t<meta property=\"og:image:height\" content=\"667\" \/>\n\t<meta property=\"og:image:type\" content=\"image\/jpeg\" \/>\n<meta name=\"twitter:label1\" content=\"Estimated reading time\" \/>\n\t<meta name=\"twitter:data1\" content=\"2 minutes\" \/>\n<script type=\"application\/ld+json\" class=\"yoast-schema-graph\">{\"@context\":\"https:\\\/\\\/schema.org\",\"@graph\":[{\"@type\":\"WebPage\",\"@id\":\"https:\\\/\\\/www.riistaravintola.fi\\\/jouluaatto\\\/\",\"url\":\"https:\\\/\\\/www.riistaravintola.fi\\\/jouluaatto\\\/\",\"name\":\"Jouluaatto 24.12. - Riipisen Riistaravintola\",\"isPartOf\":{\"@id\":\"https:\\\/\\\/www.riistaravintola.fi\\\/#website\"},\"primaryImageOfPage\":{\"@id\":\"https:\\\/\\\/www.riistaravintola.fi\\\/jouluaatto\\\/#primaryimage\"},\"image\":{\"@id\":\"https:\\\/\\\/www.riistaravintola.fi\\\/jouluaatto\\\/#primaryimage\"},\"thumbnailUrl\":\"https:\\\/\\\/www.riistaravintola.fi\\\/wp-content\\\/uploads\\\/2018\\\/04\\\/Riipisen_Riistaravintola_8.2.2018-49.jpg\",\"datePublished\":\"2023-10-13T18:54:28+00:00\",\"dateModified\":\"2025-12-01T10:28:36+00:00\",\"description\":\"Riipisen Riistaravintola - Aitoa villiruokaa jo vuodesta 1989\",\"inLanguage\":\"en-GB\",\"potentialAction\":[{\"@type\":\"ReadAction\",\"target\":[\"https:\\\/\\\/www.riistaravintola.fi\\\/jouluaatto\\\/\"]}]},{\"@type\":\"ImageObject\",\"inLanguage\":\"en-GB\",\"@id\":\"https:\\\/\\\/www.riistaravintola.fi\\\/jouluaatto\\\/#primaryimage\",\"url\":\"https:\\\/\\\/www.riistaravintola.fi\\\/wp-content\\\/uploads\\\/2018\\\/04\\\/Riipisen_Riistaravintola_8.2.2018-49.jpg\",\"contentUrl\":\"https:\\\/\\\/www.riistaravintola.fi\\\/wp-content\\\/uploads\\\/2018\\\/04\\\/Riipisen_Riistaravintola_8.2.2018-49.jpg\",\"width\":1000,\"height\":667},{\"@type\":\"WebSite\",\"@id\":\"https:\\\/\\\/www.riistaravintola.fi\\\/#website\",\"url\":\"https:\\\/\\\/www.riistaravintola.fi\\\/\",\"name\":\"Riipisen Riistaravintola\",\"description\":\"Aitoa villiruokaa jo vuodesta 1989\",\"publisher\":{\"@id\":\"https:\\\/\\\/www.riistaravintola.fi\\\/#organization\"},\"potentialAction\":[{\"@type\":\"SearchAction\",\"target\":{\"@type\":\"EntryPoint\",\"urlTemplate\":\"https:\\\/\\\/www.riistaravintola.fi\\\/?s={search_term_string}\"},\"query-input\":{\"@type\":\"PropertyValueSpecification\",\"valueRequired\":true,\"valueName\":\"search_term_string\"}}],\"inLanguage\":\"en-GB\"},{\"@type\":\"Organization\",\"@id\":\"https:\\\/\\\/www.riistaravintola.fi\\\/#organization\",\"name\":\"Riipisen Riistaravintola\",\"url\":\"https:\\\/\\\/www.riistaravintola.fi\\\/\",\"logo\":{\"@type\":\"ImageObject\",\"inLanguage\":\"en-GB\",\"@id\":\"https:\\\/\\\/www.riistaravintola.fi\\\/#\\\/schema\\\/logo\\\/image\\\/\",\"url\":\"https:\\\/\\\/www.riistaravintola.fi\\\/wp-content\\\/uploads\\\/2023\\\/09\\\/riipisen_logo.jpg\",\"contentUrl\":\"https:\\\/\\\/www.riistaravintola.fi\\\/wp-content\\\/uploads\\\/2023\\\/09\\\/riipisen_logo.jpg\",\"width\":400,\"height\":277,\"caption\":\"Riipisen Riistaravintola\"},\"image\":{\"@id\":\"https:\\\/\\\/www.riistaravintola.fi\\\/#\\\/schema\\\/logo\\\/image\\\/\"},\"sameAs\":[\"https:\\\/\\\/www.facebook.com\\\/RiipisenRiistaravintola\",\"https:\\\/\\\/www.instagram.com\\\/riipisenriistaravintola\"]}]}<\/script>\n<!-- \/ Yoast SEO plugin. -->","yoast_head_json":{"title":"Jouluaatto 24.12. - Riipisen Riistaravintola","description":"Riipisen Riistaravintola - Aitoa villiruokaa jo vuodesta 1989","robots":{"index":"index","follow":"follow","max-snippet":"max-snippet:-1","max-image-preview":"max-image-preview:large","max-video-preview":"max-video-preview:-1"},"canonical":"https:\/\/www.riistaravintola.fi\/en\/jouluaatto\/","og_locale":"en_GB","og_type":"article","og_title":"Jouluaatto 24.12. - Riipisen Riistaravintola","og_description":"Riipisen Riistaravintola - Aitoa villiruokaa jo vuodesta 1989","og_url":"https:\/\/www.riistaravintola.fi\/en\/jouluaatto\/","og_site_name":"Riipisen Riistaravintola","article_publisher":"https:\/\/www.facebook.com\/RiipisenRiistaravintola","article_modified_time":"2025-12-01T10:28:36+00:00","og_image":[{"width":1000,"height":667,"url":"https:\/\/www.riistaravintola.fi\/wp-content\/uploads\/2018\/04\/Riipisen_Riistaravintola_8.2.2018-49.jpg","type":"image\/jpeg"}],"twitter_misc":{"Estimated reading time":"2 minutes"},"schema":{"@context":"https:\/\/schema.org","@graph":[{"@type":"WebPage","@id":"https:\/\/www.riistaravintola.fi\/jouluaatto\/","url":"https:\/\/www.riistaravintola.fi\/jouluaatto\/","name":"Jouluaatto 24.12. - Riipisen Riistaravintola","isPartOf":{"@id":"https:\/\/www.riistaravintola.fi\/#website"},"primaryImageOfPage":{"@id":"https:\/\/www.riistaravintola.fi\/jouluaatto\/#primaryimage"},"image":{"@id":"https:\/\/www.riistaravintola.fi\/jouluaatto\/#primaryimage"},"thumbnailUrl":"https:\/\/www.riistaravintola.fi\/wp-content\/uploads\/2018\/04\/Riipisen_Riistaravintola_8.2.2018-49.jpg","datePublished":"2023-10-13T18:54:28+00:00","dateModified":"2025-12-01T10:28:36+00:00","description":"Riipisen Riistaravintola - Aitoa villiruokaa jo vuodesta 1989","inLanguage":"en-GB","potentialAction":[{"@type":"ReadAction","target":["https:\/\/www.riistaravintola.fi\/jouluaatto\/"]}]},{"@type":"ImageObject","inLanguage":"en-GB","@id":"https:\/\/www.riistaravintola.fi\/jouluaatto\/#primaryimage","url":"https:\/\/www.riistaravintola.fi\/wp-content\/uploads\/2018\/04\/Riipisen_Riistaravintola_8.2.2018-49.jpg","contentUrl":"https:\/\/www.riistaravintola.fi\/wp-content\/uploads\/2018\/04\/Riipisen_Riistaravintola_8.2.2018-49.jpg","width":1000,"height":667},{"@type":"WebSite","@id":"https:\/\/www.riistaravintola.fi\/#website","url":"https:\/\/www.riistaravintola.fi\/","name":"Riipisen Wild Game Restaurant","description":"Authentic Wild Food Since 1989","publisher":{"@id":"https:\/\/www.riistaravintola.fi\/#organization"},"potentialAction":[{"@type":"SearchAction","target":{"@type":"EntryPoint","urlTemplate":"https:\/\/www.riistaravintola.fi\/?s={search_term_string}"},"query-input":{"@type":"PropertyValueSpecification","valueRequired":true,"valueName":"search_term_string"}}],"inLanguage":"en-GB"},{"@type":"Organization","@id":"https:\/\/www.riistaravintola.fi\/#organization","name":"Riipisen Wild Game Restaurant","url":"https:\/\/www.riistaravintola.fi\/","logo":{"@type":"ImageObject","inLanguage":"en-GB","@id":"https:\/\/www.riistaravintola.fi\/#\/schema\/logo\/image\/","url":"https:\/\/www.riistaravintola.fi\/wp-content\/uploads\/2023\/09\/riipisen_logo.jpg","contentUrl":"https:\/\/www.riistaravintola.fi\/wp-content\/uploads\/2023\/09\/riipisen_logo.jpg","width":400,"height":277,"caption":"Riipisen Riistaravintola"},"image":{"@id":"https:\/\/www.riistaravintola.fi\/#\/schema\/logo\/image\/"},"sameAs":["https:\/\/www.facebook.com\/RiipisenRiistaravintola","https:\/\/www.instagram.com\/riipisenriistaravintola"]}]}},"_links":{"self":[{"href":"https:\/\/www.riistaravintola.fi\/en\/wp-json\/wp\/v2\/pages\/3514","targetHints":{"allow":["GET"]}}],"collection":[{"href":"https:\/\/www.riistaravintola.fi\/en\/wp-json\/wp\/v2\/pages"}],"about":[{"href":"https:\/\/www.riistaravintola.fi\/en\/wp-json\/wp\/v2\/types\/page"}],"author":[{"embeddable":true,"href":"https:\/\/www.riistaravintola.fi\/en\/wp-json\/wp\/v2\/users\/6"}],"replies":[{"embeddable":true,"href":"https:\/\/www.riistaravintola.fi\/en\/wp-json\/wp\/v2\/comments?post=3514"}],"version-history":[{"count":32,"href":"https:\/\/www.riistaravintola.fi\/en\/wp-json\/wp\/v2\/pages\/3514\/revisions"}],"predecessor-version":[{"id":4359,"href":"https:\/\/www.riistaravintola.fi\/en\/wp-json\/wp\/v2\/pages\/3514\/revisions\/4359"}],"wp:featuredmedia":[{"embeddable":true,"href":"https:\/\/www.riistaravintola.fi\/en\/wp-json\/wp\/v2\/media\/1828"}],"wp:attachment":[{"href":"https:\/\/www.riistaravintola.fi\/en\/wp-json\/wp\/v2\/media?parent=3514"}],"curies":[{"name":"wp","href":"https:\/\/api.w.org\/{rel}","templated":true}]}}