{"id":2709,"date":"2023-09-29T14:34:00","date_gmt":"2023-09-29T11:34:00","guid":{"rendered":"https:\/\/www.riistaravintola.fi\/?page_id=2709"},"modified":"2025-11-14T11:27:06","modified_gmt":"2025-11-14T09:27:06","slug":"pikkujoulut","status":"publish","type":"page","link":"https:\/\/www.riistaravintola.fi\/en\/pikkujoulut\/","title":{"rendered":"Little Christmas"},"content":{"rendered":"<div data-elementor-type=\"wp-page\" data-elementor-id=\"2709\" class=\"elementor elementor-2709\">\n\t\t\t\t\t\t<section class=\"elementor-section elementor-top-section elementor-element elementor-element-3b5517c6 elementor-section-full_width elementor-section-height-min-height elementor-section-height-default elementor-section-items-middle\" data-id=\"3b5517c6\" data-element_type=\"section\" data-e-type=\"section\" data-settings=\"{&quot;background_background&quot;:&quot;classic&quot;}\">\n\t\t\t\t\t\t\t<div class=\"elementor-background-overlay\"><\/div>\n\t\t\t\t\t\t\t<div class=\"elementor-container elementor-column-gap-default\">\n\t\t\t\t\t<div class=\"elementor-column elementor-col-100 elementor-top-column elementor-element elementor-element-49459338\" data-id=\"49459338\" data-element_type=\"column\" data-e-type=\"column\">\n\t\t\t<div class=\"elementor-widget-wrap elementor-element-populated\">\n\t\t\t\t\t\t<div class=\"elementor-element elementor-element-670d025e elementor-widget elementor-widget-heading\" data-id=\"670d025e\" data-element_type=\"widget\" data-e-type=\"widget\" data-widget_type=\"heading.default\">\n\t\t\t\t<div class=\"elementor-widget-container\">\n\t\t\t\t\t<h1 class=\"elementor-heading-title elementor-size-default\">Wild Game Restaurant's<\/h1>\t\t\t\t<\/div>\n\t\t\t\t<\/div>\n\t\t\t\t<div class=\"elementor-element elementor-element-7f2eabd elementor-widget elementor-widget-heading\" data-id=\"7f2eabd\" data-element_type=\"widget\" data-e-type=\"widget\" data-widget_type=\"heading.default\">\n\t\t\t\t<div class=\"elementor-widget-container\">\n\t\t\t\t\t<h1 class=\"elementor-heading-title elementor-size-default\">Little Christmas<\/h1>\t\t\t\t<\/div>\n\t\t\t\t<\/div>\n\t\t\t\t\t<\/div>\n\t\t<\/div>\n\t\t\t\t\t<\/div>\n\t\t<\/section>\n\t\t\t\t<section class=\"elementor-section elementor-top-section elementor-element elementor-element-3b390fcf elementor-section-boxed elementor-section-height-default elementor-section-height-default\" data-id=\"3b390fcf\" data-element_type=\"section\" data-e-type=\"section\" data-settings=\"{&quot;background_background&quot;:&quot;classic&quot;}\">\n\t\t\t\t\t\t\t<div class=\"elementor-background-overlay\"><\/div>\n\t\t\t\t\t\t\t<div class=\"elementor-container elementor-column-gap-default\">\n\t\t\t\t\t<div class=\"elementor-column elementor-col-100 elementor-top-column elementor-element elementor-element-15c0a676\" data-id=\"15c0a676\" data-element_type=\"column\" data-e-type=\"column\">\n\t\t\t<div class=\"elementor-widget-wrap elementor-element-populated\">\n\t\t\t\t\t\t<div class=\"elementor-element elementor-element-3f80140d elementor-widget elementor-widget-heading\" data-id=\"3f80140d\" data-element_type=\"widget\" data-e-type=\"widget\" data-widget_type=\"heading.default\">\n\t\t\t\t<div class=\"elementor-widget-container\">\n\t\t\t\t\t<h2 class=\"elementor-heading-title elementor-size-default\">Little Christmas Menus<\/h2>\t\t\t\t<\/div>\n\t\t\t\t<\/div>\n\t\t\t\t<div class=\"elementor-element elementor-element-7c1edb31 elementor-widget elementor-widget-text-editor\" data-id=\"7c1edb31\" data-element_type=\"widget\" data-e-type=\"widget\" data-widget_type=\"text-editor.default\">\n\t\t\t\t<div class=\"elementor-widget-container\">\n\t\t\t\t\t\t\t\t\t<h4>You can enjoy our Christmas dinners starting Monday, November 10th (not available November 28th-30th and December 6th)<\/h4>\t\t\t\t\t\t\t\t<\/div>\n\t\t\t\t<\/div>\n\t\t\t\t<div class=\"elementor-element elementor-element-9646810 elementor-widget elementor-widget-text-editor\" data-id=\"9646810\" data-element_type=\"widget\" data-e-type=\"widget\" data-widget_type=\"text-editor.default\">\n\t\t\t\t<div class=\"elementor-widget-container\">\n\t\t\t\t\t\t\t\t\t<p>G = Gluten Free \u2022 L = Lactose Free \u2022 VL = Low Lactose \u2022 VE = Vegan<\/p>\t\t\t\t\t\t\t\t<\/div>\n\t\t\t\t<\/div>\n\t\t\t\t<section class=\"elementor-section elementor-inner-section elementor-element elementor-element-1206339e elementor-section-content-top elementor-section-boxed elementor-section-height-default elementor-section-height-default\" data-id=\"1206339e\" data-element_type=\"section\" data-e-type=\"section\">\n\t\t\t\t\t\t<div class=\"elementor-container elementor-column-gap-wide\">\n\t\t\t\t\t<div class=\"elementor-column elementor-col-33 elementor-inner-column elementor-element elementor-element-7af87f46\" data-id=\"7af87f46\" data-element_type=\"column\" data-e-type=\"column\" data-settings=\"{&quot;background_background&quot;:&quot;classic&quot;}\">\n\t\t\t<div class=\"elementor-widget-wrap elementor-element-populated\">\n\t\t\t\t\t\t<div class=\"elementor-element elementor-element-33316c9d elementor-widget elementor-widget-heading\" data-id=\"33316c9d\" data-element_type=\"widget\" data-e-type=\"widget\" data-widget_type=\"heading.default\">\n\t\t\t\t<div class=\"elementor-widget-container\">\n\t\t\t\t\t<h4 class=\"elementor-heading-title elementor-size-default\">MENU TUNTURI<\/h4>\t\t\t\t<\/div>\n\t\t\t\t<\/div>\n\t\t\t\t<div class=\"elementor-element elementor-element-6e3a0e50 elementor-widget elementor-widget-text-editor\" data-id=\"6e3a0e50\" data-element_type=\"widget\" data-e-type=\"widget\" data-widget_type=\"text-editor.default\">\n\t\t\t\t<div class=\"elementor-widget-container\">\n\t\t\t\t\t\t\t\t\t<p><strong>GL\u00d6G SPARKLING BEVERAGE<\/strong><br \/>Non-alcoholic \/ With alcohol.<\/p><p><strong>CREAMY MUSHROOM SOUP (L, G)<\/strong><br \/>Creamy and rich soup, herbal oil and parsnip chips.<\/p><p><strong>WHITEFISH FROM LAPLAND (L)<\/strong><br \/>Sugar-salted whitefish, creme fraiche mousse, dill, dark balsamic vinegar.<\/p><p><strong>REINDEER FILLET WITH TWO SAUCES (L, G)<\/strong><br \/>Reindeer tenderloin, ear mushroom and blueberry red wine sauce, herb stick and seasonal root vegetables.<\/p><p><strong>WHITE CHOCOLATE-BUCKTHORN BERRY MOUSSE<\/strong><br \/>incl. buckthorn berry-cloudberry sauce and gingerbread crumbles.<\/p>\t\t\t\t\t\t\t\t<\/div>\n\t\t\t\t<\/div>\n\t\t\t\t<div class=\"elementor-element elementor-element-46720c3d elementor-widget elementor-widget-text-editor\" data-id=\"46720c3d\" data-element_type=\"widget\" data-e-type=\"widget\" data-widget_type=\"text-editor.default\">\n\t\t\t\t<div class=\"elementor-widget-container\">\n\t\t\t\t\t\t\t\t\t<h4>77,00 \u20ac \/ person<\/h4>\t\t\t\t\t\t\t\t<\/div>\n\t\t\t\t<\/div>\n\t\t\t\t\t<\/div>\n\t\t<\/div>\n\t\t\t\t<div class=\"elementor-column elementor-col-33 elementor-inner-column elementor-element elementor-element-14bc577c\" data-id=\"14bc577c\" data-element_type=\"column\" data-e-type=\"column\" data-settings=\"{&quot;background_background&quot;:&quot;classic&quot;}\">\n\t\t\t<div class=\"elementor-widget-wrap elementor-element-populated\">\n\t\t\t\t\t\t<div class=\"elementor-element elementor-element-14cbc41a elementor-widget elementor-widget-heading\" data-id=\"14cbc41a\" data-element_type=\"widget\" data-e-type=\"widget\" data-widget_type=\"heading.default\">\n\t\t\t\t<div class=\"elementor-widget-container\">\n\t\t\t\t\t<h4 class=\"elementor-heading-title elementor-size-default\">MENU KUUSAMO<\/h4>\t\t\t\t<\/div>\n\t\t\t\t<\/div>\n\t\t\t\t<div class=\"elementor-element elementor-element-563cb9de elementor-widget elementor-widget-text-editor\" data-id=\"563cb9de\" data-element_type=\"widget\" data-e-type=\"widget\" data-widget_type=\"text-editor.default\">\n\t\t\t\t<div class=\"elementor-widget-container\">\n\t\t\t\t\t\t\t\t\t<p><strong>GL\u00d6G SPARKLING BEVERAGE<\/strong><br \/>Non-alcoholic \/ With alcohol.<\/p><p><strong>CREAMY MUSHROOM SOUP (L, G)<\/strong><br \/>Creamy and rich soup, herbal oil and parsnip chips.<\/p><p><strong>SMOKED ARCTIC CHAR (L, G)<\/strong><br \/>Smoked arctic char, ear mushroom sauce, herb mashed potatoes and seasonal root vegetables.<\/p><p><strong>WHITE CHOCOLATE-BUCKTHORN BERRY MOUSSE<\/strong><br \/>incl. buckthorn berry-cloudberry sauce and gingerbread crumbles.<\/p>\t\t\t\t\t\t\t\t<\/div>\n\t\t\t\t<\/div>\n\t\t\t\t<div class=\"elementor-element elementor-element-43659daf elementor-widget elementor-widget-text-editor\" data-id=\"43659daf\" data-element_type=\"widget\" data-e-type=\"widget\" data-widget_type=\"text-editor.default\">\n\t\t\t\t<div class=\"elementor-widget-container\">\n\t\t\t\t\t\t\t\t\t<h4>62,00 \u20ac \/ person<\/h4>\t\t\t\t\t\t\t\t<\/div>\n\t\t\t\t<\/div>\n\t\t\t\t\t<\/div>\n\t\t<\/div>\n\t\t\t\t<div class=\"elementor-column elementor-col-33 elementor-inner-column elementor-element elementor-element-0d9f563\" data-id=\"0d9f563\" data-element_type=\"column\" data-e-type=\"column\" data-settings=\"{&quot;background_background&quot;:&quot;classic&quot;}\">\n\t\t\t<div class=\"elementor-widget-wrap elementor-element-populated\">\n\t\t\t\t\t\t<div class=\"elementor-element elementor-element-f059def elementor-widget elementor-widget-heading\" data-id=\"f059def\" data-element_type=\"widget\" data-e-type=\"widget\" data-widget_type=\"heading.default\">\n\t\t\t\t<div class=\"elementor-widget-container\">\n\t\t\t\t\t<h4 class=\"elementor-heading-title elementor-size-default\">MENU LAPPI<\/h4>\t\t\t\t<\/div>\n\t\t\t\t<\/div>\n\t\t\t\t<div class=\"elementor-element elementor-element-4909836 elementor-widget elementor-widget-text-editor\" data-id=\"4909836\" data-element_type=\"widget\" data-e-type=\"widget\" data-widget_type=\"text-editor.default\">\n\t\t\t\t<div class=\"elementor-widget-container\">\n\t\t\t\t\t\t\t\t\t<p><strong>GL\u00d6G SPARKLING BEVERAGE<\/strong><br \/>Non-alcoholic \/ With alcohol.<\/p><p><b>RIIPISEN FRIED VENDACE (L, G)<\/b><br \/>The famous Riipisen deep-fried dumplings from the lakes of Kuusamo and the house's own dip.<\/p><p><strong>CREAMY MUSHROOM SOUP (L, G)<\/strong><br \/>Creamy and rich soup, herbal oil and parsnip chips.<\/p><p><b>TRADITIONAL LOCAL SAUT\u00c9ED REINDEER (L, G)<\/b><br \/>Legendary reindeer jerky, mashed potatoes, pickles and leeks.<\/p><p><strong>WHITE CHOCOLATE-BUCKTHORN BERRY MOUSSE<\/strong><br \/>incl. buckthorn berry-cloudberry sauce and gingerbread crumbles.<\/p>\t\t\t\t\t\t\t\t<\/div>\n\t\t\t\t<\/div>\n\t\t\t\t<div class=\"elementor-element elementor-element-f052fa9 elementor-widget elementor-widget-text-editor\" data-id=\"f052fa9\" data-element_type=\"widget\" data-e-type=\"widget\" data-widget_type=\"text-editor.default\">\n\t\t\t\t<div class=\"elementor-widget-container\">\n\t\t\t\t\t\t\t\t\t<h4>62,00 \u20ac \/ person<\/h4>\t\t\t\t\t\t\t\t<\/div>\n\t\t\t\t<\/div>\n\t\t\t\t\t<\/div>\n\t\t<\/div>\n\t\t\t\t\t<\/div>\n\t\t<\/section>\n\t\t\t\t<div class=\"elementor-element elementor-element-16d464af elementor-widget-divider--view-line elementor-widget elementor-widget-divider\" data-id=\"16d464af\" data-element_type=\"widget\" data-e-type=\"widget\" data-widget_type=\"divider.default\">\n\t\t\t\t<div class=\"elementor-widget-container\">\n\t\t\t\t\t\t\t<div class=\"elementor-divider\">\n\t\t\t<span class=\"elementor-divider-separator\">\n\t\t\t\t\t\t<\/span>\n\t\t<\/div>\n\t\t\t\t\t\t<\/div>\n\t\t\t\t<\/div>\n\t\t\t\t\t<\/div>\n\t\t<\/div>\n\t\t\t\t\t<\/div>\n\t\t<\/section>\n\t\t\t\t<section class=\"elementor-section elementor-top-section elementor-element elementor-element-114212d elementor-section-boxed elementor-section-height-default elementor-section-height-default\" data-id=\"114212d\" data-element_type=\"section\" data-e-type=\"section\" data-settings=\"{&quot;background_background&quot;:&quot;classic&quot;}\">\n\t\t\t\t\t\t\t<div class=\"elementor-background-overlay\"><\/div>\n\t\t\t\t\t\t\t<div class=\"elementor-container elementor-column-gap-default\">\n\t\t\t\t\t<div class=\"elementor-column elementor-col-100 elementor-top-column elementor-element elementor-element-237f238f\" data-id=\"237f238f\" data-element_type=\"column\" data-e-type=\"column\">\n\t\t\t<div class=\"elementor-widget-wrap elementor-element-populated\">\n\t\t\t\t\t\t<section class=\"elementor-section elementor-inner-section elementor-element elementor-element-1a88abd elementor-section-content-middle elementor-section-boxed elementor-section-height-default elementor-section-height-default\" data-id=\"1a88abd\" data-element_type=\"section\" data-e-type=\"section\">\n\t\t\t\t\t\t<div class=\"elementor-container elementor-column-gap-wide\">\n\t\t\t\t\t<div class=\"elementor-column elementor-col-50 elementor-inner-column elementor-element elementor-element-a977e6b\" data-id=\"a977e6b\" data-element_type=\"column\" data-e-type=\"column\">\n\t\t\t<div class=\"elementor-widget-wrap elementor-element-populated\">\n\t\t\t\t\t\t<div class=\"elementor-element elementor-element-115d676 elementor-widget elementor-widget-heading\" data-id=\"115d676\" data-element_type=\"widget\" data-e-type=\"widget\" data-widget_type=\"heading.default\">\n\t\t\t\t<div class=\"elementor-widget-container\">\n\t\t\t\t\t<h4 class=\"elementor-heading-title elementor-size-default\">Please reserve your table in time!<\/h4>\t\t\t\t<\/div>\n\t\t\t\t<\/div>\n\t\t\t\t<div class=\"elementor-element elementor-element-ea9a6ce elementor-widget elementor-widget-text-editor\" data-id=\"ea9a6ce\" data-element_type=\"widget\" data-e-type=\"widget\" data-widget_type=\"text-editor.default\">\n\t\t\t\t<div class=\"elementor-widget-container\">\n\t\t\t\t\t\t\t\t\t<p>Reservations and inquiries<br \/>+358 (0)8 868 1219<br \/>riistaravintola@riipisen.fi<\/p>\t\t\t\t\t\t\t\t<\/div>\n\t\t\t\t<\/div>\n\t\t\t\t<div class=\"elementor-element elementor-element-5134dd5 elementor-align-center elementor-widget elementor-widget-button\" data-id=\"5134dd5\" data-element_type=\"widget\" data-e-type=\"widget\" data-widget_type=\"button.default\">\n\t\t\t\t<div class=\"elementor-widget-container\">\n\t\t\t\t\t\t\t\t\t<div class=\"elementor-button-wrapper\">\n\t\t\t\t\t<a class=\"elementor-button elementor-button-link elementor-size-lg\" href=\"https:\/\/www.riistaravintola.fi\/en\/poytavaraukset\/\">\n\t\t\t\t\t\t<span class=\"elementor-button-content-wrapper\">\n\t\t\t\t\t\t\t\t\t<span class=\"elementor-button-text\">\u00bb TABLE RESERVATIONS<\/span>\n\t\t\t\t\t<\/span>\n\t\t\t\t\t<\/a>\n\t\t\t\t<\/div>\n\t\t\t\t\t\t\t\t<\/div>\n\t\t\t\t<\/div>\n\t\t\t\t\t<\/div>\n\t\t<\/div>\n\t\t\t\t<div class=\"elementor-column elementor-col-50 elementor-inner-column elementor-element elementor-element-8be4425\" data-id=\"8be4425\" data-element_type=\"column\" data-e-type=\"column\">\n\t\t\t<div class=\"elementor-widget-wrap elementor-element-populated\">\n\t\t\t\t\t\t<div class=\"elementor-element elementor-element-cf2631b elementor-widget elementor-widget-text-editor\" data-id=\"cf2631b\" data-element_type=\"widget\" data-e-type=\"widget\" data-widget_type=\"text-editor.default\">\n\t\t\t\t<div class=\"elementor-widget-container\">\n\t\t\t\t\t\t\t\t\t<p>OPEN<br \/>Ma-La 13-22 \u2022 Su 13-22 (Keitti\u00f6 avoinna 13-21)<\/p><p>Rukatunturintie 6, FI93830 Rukatunturi, Finland<br \/>tel. +358 8 868 1219<\/p>\t\t\t\t\t\t\t\t<\/div>\n\t\t\t\t<\/div>\n\t\t\t\t<div class=\"elementor-element elementor-element-1b21609 elementor-widget elementor-widget-text-editor\" data-id=\"1b21609\" data-element_type=\"widget\" data-e-type=\"widget\" data-widget_type=\"text-editor.default\">\n\t\t\t\t<div class=\"elementor-widget-container\">\n\t\t\t\t\t\t\t\t\t<p>Our normal \u00e1 la carte menu is also available.<\/p>\t\t\t\t\t\t\t\t<\/div>\n\t\t\t\t<\/div>\n\t\t\t\t<div class=\"elementor-element elementor-element-c6a1569 elementor-align-center elementor-widget elementor-widget-button\" data-id=\"c6a1569\" data-element_type=\"widget\" data-e-type=\"widget\" data-widget_type=\"button.default\">\n\t\t\t\t<div class=\"elementor-widget-container\">\n\t\t\t\t\t\t\t\t\t<div class=\"elementor-button-wrapper\">\n\t\t\t\t\t<a class=\"elementor-button elementor-button-link elementor-size-xs\" href=\"#\">\n\t\t\t\t\t\t<span class=\"elementor-button-content-wrapper\">\n\t\t\t\t\t\t\t\t\t<span class=\"elementor-button-text\">\u00bb \u00c1 LA CARTE MENU<\/span>\n\t\t\t\t\t<\/span>\n\t\t\t\t\t<\/a>\n\t\t\t\t<\/div>\n\t\t\t\t\t\t\t\t<\/div>\n\t\t\t\t<\/div>\n\t\t\t\t\t<\/div>\n\t\t<\/div>\n\t\t\t\t\t<\/div>\n\t\t<\/section>\n\t\t\t\t\t<\/div>\n\t\t<\/div>\n\t\t\t\t\t<\/div>\n\t\t<\/section>\n\t\t\t\t<section class=\"elementor-section elementor-top-section elementor-element elementor-element-c32345f elementor-section-boxed elementor-section-height-default elementor-section-height-default\" data-id=\"c32345f\" data-element_type=\"section\" data-e-type=\"section\" data-settings=\"{&quot;background_background&quot;:&quot;classic&quot;}\">\n\t\t\t\t\t\t<div class=\"elementor-container elementor-column-gap-default\">\n\t\t\t\t\t<div class=\"elementor-column elementor-col-100 elementor-top-column elementor-element elementor-element-664cf64\" data-id=\"664cf64\" data-element_type=\"column\" data-e-type=\"column\">\n\t\t\t<div class=\"elementor-widget-wrap elementor-element-populated\">\n\t\t\t\t\t\t<div class=\"elementor-element elementor-element-78f7f1b elementor-widget elementor-widget-shortcode\" data-id=\"78f7f1b\" data-element_type=\"widget\" data-e-type=\"widget\" data-widget_type=\"shortcode.default\">\n\t\t\t\t<div class=\"elementor-widget-container\">\n\t\t\t\t\t\t\t<div class=\"elementor-shortcode\"><\/div>\n\t\t\t\t\t\t<\/div>\n\t\t\t\t<\/div>\n\t\t\t\t\t<\/div>\n\t\t<\/div>\n\t\t\t\t\t<\/div>\n\t\t<\/section>\n\t\t\t\t<\/div>","protected":false},"excerpt":{"rendered":"<p>Riistaravintolan Pikkujoulut Pikkujoulumenut Voit nauttia pikkujouluruokailut meill\u00e4 ma 10.11. alkaen (ei tarjolla 28.-30.11. ja 6.12.) G = Gluteeniton \u2022 L = Laktoositon \u2022 VL = V\u00e4h\u00e4laktoosinen \u2022 VE = Vegaaninen MENU TUNTURI GL\u00d6GIKUOHUJUOMAAlkoholiton \/ Alkoholilla. KERMAINEN SIENIKEITTO (L, G)Kermainen ja t\u00e4ytel\u00e4inen keitto, yrtti\u00f6ljy\u00e4 ja palsternakkalastua. TUNTURIN SIIKAA (L)Sokerisuolattua siikaa, creme fraiche moussea, tilli\u00e4, tummaa balsamicoa. [&hellip;]<\/p>\n","protected":false},"author":6,"featured_media":1828,"parent":0,"menu_order":0,"comment_status":"closed","ping_status":"closed","template":"","meta":{"footnotes":""},"class_list":["post-2709","page","type-page","status-publish","has-post-thumbnail","hentry"],"yoast_head":"<!-- This site is optimized with the Yoast SEO plugin v27.4 - https:\/\/yoast.com\/product\/yoast-seo-wordpress\/ -->\n<title>Pikkujoulut - Riipisen Riistaravintola<\/title>\n<meta name=\"description\" content=\"Riipisen Riistaravintola - Aitoa villiruokaa jo vuodesta 1989\" \/>\n<meta name=\"robots\" content=\"index, follow, max-snippet:-1, max-image-preview:large, max-video-preview:-1\" \/>\n<link rel=\"canonical\" href=\"https:\/\/www.riistaravintola.fi\/en\/pikkujoulut\/\" \/>\n<meta property=\"og:locale\" content=\"en_GB\" \/>\n<meta property=\"og:type\" content=\"article\" \/>\n<meta property=\"og:title\" content=\"Pikkujoulut - Riipisen Riistaravintola\" \/>\n<meta property=\"og:description\" content=\"Riipisen Riistaravintola - Aitoa villiruokaa jo vuodesta 1989\" \/>\n<meta property=\"og:url\" content=\"https:\/\/www.riistaravintola.fi\/en\/pikkujoulut\/\" \/>\n<meta property=\"og:site_name\" content=\"Riipisen Riistaravintola\" \/>\n<meta property=\"article:publisher\" content=\"https:\/\/www.facebook.com\/RiipisenRiistaravintola\" \/>\n<meta property=\"article:modified_time\" content=\"2025-11-14T09:27:06+00:00\" \/>\n<meta property=\"og:image\" content=\"https:\/\/www.riistaravintola.fi\/wp-content\/uploads\/2018\/04\/Riipisen_Riistaravintola_8.2.2018-49.jpg\" \/>\n\t<meta property=\"og:image:width\" content=\"1000\" \/>\n\t<meta property=\"og:image:height\" content=\"667\" \/>\n\t<meta property=\"og:image:type\" content=\"image\/jpeg\" \/>\n<meta name=\"twitter:label1\" content=\"Estimated reading time\" \/>\n\t<meta name=\"twitter:data1\" content=\"2 minutes\" \/>\n<script type=\"application\/ld+json\" class=\"yoast-schema-graph\">{\"@context\":\"https:\\\/\\\/schema.org\",\"@graph\":[{\"@type\":\"WebPage\",\"@id\":\"https:\\\/\\\/www.riistaravintola.fi\\\/pikkujoulut\\\/\",\"url\":\"https:\\\/\\\/www.riistaravintola.fi\\\/pikkujoulut\\\/\",\"name\":\"Pikkujoulut - Riipisen Riistaravintola\",\"isPartOf\":{\"@id\":\"https:\\\/\\\/www.riistaravintola.fi\\\/#website\"},\"primaryImageOfPage\":{\"@id\":\"https:\\\/\\\/www.riistaravintola.fi\\\/pikkujoulut\\\/#primaryimage\"},\"image\":{\"@id\":\"https:\\\/\\\/www.riistaravintola.fi\\\/pikkujoulut\\\/#primaryimage\"},\"thumbnailUrl\":\"https:\\\/\\\/www.riistaravintola.fi\\\/wp-content\\\/uploads\\\/2018\\\/04\\\/Riipisen_Riistaravintola_8.2.2018-49.jpg\",\"datePublished\":\"2023-09-29T11:34:00+00:00\",\"dateModified\":\"2025-11-14T09:27:06+00:00\",\"description\":\"Riipisen Riistaravintola - Aitoa villiruokaa jo vuodesta 1989\",\"inLanguage\":\"en-GB\",\"potentialAction\":[{\"@type\":\"ReadAction\",\"target\":[\"https:\\\/\\\/www.riistaravintola.fi\\\/pikkujoulut\\\/\"]}]},{\"@type\":\"ImageObject\",\"inLanguage\":\"en-GB\",\"@id\":\"https:\\\/\\\/www.riistaravintola.fi\\\/pikkujoulut\\\/#primaryimage\",\"url\":\"https:\\\/\\\/www.riistaravintola.fi\\\/wp-content\\\/uploads\\\/2018\\\/04\\\/Riipisen_Riistaravintola_8.2.2018-49.jpg\",\"contentUrl\":\"https:\\\/\\\/www.riistaravintola.fi\\\/wp-content\\\/uploads\\\/2018\\\/04\\\/Riipisen_Riistaravintola_8.2.2018-49.jpg\",\"width\":1000,\"height\":667},{\"@type\":\"WebSite\",\"@id\":\"https:\\\/\\\/www.riistaravintola.fi\\\/#website\",\"url\":\"https:\\\/\\\/www.riistaravintola.fi\\\/\",\"name\":\"Riipisen Riistaravintola\",\"description\":\"Aitoa villiruokaa jo vuodesta 1989\",\"publisher\":{\"@id\":\"https:\\\/\\\/www.riistaravintola.fi\\\/#organization\"},\"potentialAction\":[{\"@type\":\"SearchAction\",\"target\":{\"@type\":\"EntryPoint\",\"urlTemplate\":\"https:\\\/\\\/www.riistaravintola.fi\\\/?s={search_term_string}\"},\"query-input\":{\"@type\":\"PropertyValueSpecification\",\"valueRequired\":true,\"valueName\":\"search_term_string\"}}],\"inLanguage\":\"en-GB\"},{\"@type\":\"Organization\",\"@id\":\"https:\\\/\\\/www.riistaravintola.fi\\\/#organization\",\"name\":\"Riipisen Riistaravintola\",\"url\":\"https:\\\/\\\/www.riistaravintola.fi\\\/\",\"logo\":{\"@type\":\"ImageObject\",\"inLanguage\":\"en-GB\",\"@id\":\"https:\\\/\\\/www.riistaravintola.fi\\\/#\\\/schema\\\/logo\\\/image\\\/\",\"url\":\"https:\\\/\\\/www.riistaravintola.fi\\\/wp-content\\\/uploads\\\/2023\\\/09\\\/riipisen_logo.jpg\",\"contentUrl\":\"https:\\\/\\\/www.riistaravintola.fi\\\/wp-content\\\/uploads\\\/2023\\\/09\\\/riipisen_logo.jpg\",\"width\":400,\"height\":277,\"caption\":\"Riipisen Riistaravintola\"},\"image\":{\"@id\":\"https:\\\/\\\/www.riistaravintola.fi\\\/#\\\/schema\\\/logo\\\/image\\\/\"},\"sameAs\":[\"https:\\\/\\\/www.facebook.com\\\/RiipisenRiistaravintola\",\"https:\\\/\\\/www.instagram.com\\\/riipisenriistaravintola\"]}]}<\/script>\n<!-- \/ Yoast SEO plugin. -->","yoast_head_json":{"title":"Pikkujoulut - Riipisen Riistaravintola","description":"Riipisen Riistaravintola - Aitoa villiruokaa jo vuodesta 1989","robots":{"index":"index","follow":"follow","max-snippet":"max-snippet:-1","max-image-preview":"max-image-preview:large","max-video-preview":"max-video-preview:-1"},"canonical":"https:\/\/www.riistaravintola.fi\/en\/pikkujoulut\/","og_locale":"en_GB","og_type":"article","og_title":"Pikkujoulut - Riipisen Riistaravintola","og_description":"Riipisen Riistaravintola - Aitoa villiruokaa jo vuodesta 1989","og_url":"https:\/\/www.riistaravintola.fi\/en\/pikkujoulut\/","og_site_name":"Riipisen Riistaravintola","article_publisher":"https:\/\/www.facebook.com\/RiipisenRiistaravintola","article_modified_time":"2025-11-14T09:27:06+00:00","og_image":[{"width":1000,"height":667,"url":"https:\/\/www.riistaravintola.fi\/wp-content\/uploads\/2018\/04\/Riipisen_Riistaravintola_8.2.2018-49.jpg","type":"image\/jpeg"}],"twitter_misc":{"Estimated reading time":"2 minutes"},"schema":{"@context":"https:\/\/schema.org","@graph":[{"@type":"WebPage","@id":"https:\/\/www.riistaravintola.fi\/pikkujoulut\/","url":"https:\/\/www.riistaravintola.fi\/pikkujoulut\/","name":"Pikkujoulut - Riipisen Riistaravintola","isPartOf":{"@id":"https:\/\/www.riistaravintola.fi\/#website"},"primaryImageOfPage":{"@id":"https:\/\/www.riistaravintola.fi\/pikkujoulut\/#primaryimage"},"image":{"@id":"https:\/\/www.riistaravintola.fi\/pikkujoulut\/#primaryimage"},"thumbnailUrl":"https:\/\/www.riistaravintola.fi\/wp-content\/uploads\/2018\/04\/Riipisen_Riistaravintola_8.2.2018-49.jpg","datePublished":"2023-09-29T11:34:00+00:00","dateModified":"2025-11-14T09:27:06+00:00","description":"Riipisen Riistaravintola - Aitoa villiruokaa jo vuodesta 1989","inLanguage":"en-GB","potentialAction":[{"@type":"ReadAction","target":["https:\/\/www.riistaravintola.fi\/pikkujoulut\/"]}]},{"@type":"ImageObject","inLanguage":"en-GB","@id":"https:\/\/www.riistaravintola.fi\/pikkujoulut\/#primaryimage","url":"https:\/\/www.riistaravintola.fi\/wp-content\/uploads\/2018\/04\/Riipisen_Riistaravintola_8.2.2018-49.jpg","contentUrl":"https:\/\/www.riistaravintola.fi\/wp-content\/uploads\/2018\/04\/Riipisen_Riistaravintola_8.2.2018-49.jpg","width":1000,"height":667},{"@type":"WebSite","@id":"https:\/\/www.riistaravintola.fi\/#website","url":"https:\/\/www.riistaravintola.fi\/","name":"Riipisen Wild Game Restaurant","description":"Authentic Wild Food Since 1989","publisher":{"@id":"https:\/\/www.riistaravintola.fi\/#organization"},"potentialAction":[{"@type":"SearchAction","target":{"@type":"EntryPoint","urlTemplate":"https:\/\/www.riistaravintola.fi\/?s={search_term_string}"},"query-input":{"@type":"PropertyValueSpecification","valueRequired":true,"valueName":"search_term_string"}}],"inLanguage":"en-GB"},{"@type":"Organization","@id":"https:\/\/www.riistaravintola.fi\/#organization","name":"Riipisen Wild Game Restaurant","url":"https:\/\/www.riistaravintola.fi\/","logo":{"@type":"ImageObject","inLanguage":"en-GB","@id":"https:\/\/www.riistaravintola.fi\/#\/schema\/logo\/image\/","url":"https:\/\/www.riistaravintola.fi\/wp-content\/uploads\/2023\/09\/riipisen_logo.jpg","contentUrl":"https:\/\/www.riistaravintola.fi\/wp-content\/uploads\/2023\/09\/riipisen_logo.jpg","width":400,"height":277,"caption":"Riipisen Riistaravintola"},"image":{"@id":"https:\/\/www.riistaravintola.fi\/#\/schema\/logo\/image\/"},"sameAs":["https:\/\/www.facebook.com\/RiipisenRiistaravintola","https:\/\/www.instagram.com\/riipisenriistaravintola"]}]}},"_links":{"self":[{"href":"https:\/\/www.riistaravintola.fi\/en\/wp-json\/wp\/v2\/pages\/2709","targetHints":{"allow":["GET"]}}],"collection":[{"href":"https:\/\/www.riistaravintola.fi\/en\/wp-json\/wp\/v2\/pages"}],"about":[{"href":"https:\/\/www.riistaravintola.fi\/en\/wp-json\/wp\/v2\/types\/page"}],"author":[{"embeddable":true,"href":"https:\/\/www.riistaravintola.fi\/en\/wp-json\/wp\/v2\/users\/6"}],"replies":[{"embeddable":true,"href":"https:\/\/www.riistaravintola.fi\/en\/wp-json\/wp\/v2\/comments?post=2709"}],"version-history":[{"count":12,"href":"https:\/\/www.riistaravintola.fi\/en\/wp-json\/wp\/v2\/pages\/2709\/revisions"}],"predecessor-version":[{"id":4355,"href":"https:\/\/www.riistaravintola.fi\/en\/wp-json\/wp\/v2\/pages\/2709\/revisions\/4355"}],"wp:featuredmedia":[{"embeddable":true,"href":"https:\/\/www.riistaravintola.fi\/en\/wp-json\/wp\/v2\/media\/1828"}],"wp:attachment":[{"href":"https:\/\/www.riistaravintola.fi\/en\/wp-json\/wp\/v2\/media?parent=2709"}],"curies":[{"name":"wp","href":"https:\/\/api.w.org\/{rel}","templated":true}]}}