{"id":2680,"date":"2023-09-29T14:14:13","date_gmt":"2023-09-29T11:14:13","guid":{"rendered":"https:\/\/www.riistaravintola.fi\/?page_id=2680"},"modified":"2025-10-08T13:13:34","modified_gmt":"2025-10-08T10:13:34","slug":"itsenaisyyspaivan-menu","status":"publish","type":"page","link":"https:\/\/www.riistaravintola.fi\/en\/itsenaisyyspaivan-menu\/","title":{"rendered":"Independence Day Menu"},"content":{"rendered":"<div data-elementor-type=\"wp-page\" data-elementor-id=\"2680\" class=\"elementor elementor-2680\">\n\t\t\t\t\t\t<section class=\"elementor-section elementor-top-section elementor-element elementor-element-2a735e82 elementor-section-full_width elementor-section-height-min-height elementor-section-height-default elementor-section-items-middle\" data-id=\"2a735e82\" data-element_type=\"section\" data-e-type=\"section\" data-settings=\"{&quot;background_background&quot;:&quot;classic&quot;}\">\n\t\t\t\t\t\t\t<div class=\"elementor-background-overlay\"><\/div>\n\t\t\t\t\t\t\t<div class=\"elementor-container elementor-column-gap-default\">\n\t\t\t\t\t<div class=\"elementor-column elementor-col-100 elementor-top-column elementor-element elementor-element-4dc883ba\" data-id=\"4dc883ba\" data-element_type=\"column\" data-e-type=\"column\">\n\t\t\t<div class=\"elementor-widget-wrap elementor-element-populated\">\n\t\t\t\t\t\t<div class=\"elementor-element elementor-element-4544fff3 elementor-widget elementor-widget-heading\" data-id=\"4544fff3\" data-element_type=\"widget\" data-e-type=\"widget\" data-widget_type=\"heading.default\">\n\t\t\t\t<div class=\"elementor-widget-container\">\n\t\t\t\t\t<h1 class=\"elementor-heading-title elementor-size-default\">Wild Game Restaurant's<\/h1>\t\t\t\t<\/div>\n\t\t\t\t<\/div>\n\t\t\t\t<div class=\"elementor-element elementor-element-3a88ee58 elementor-widget elementor-widget-heading\" data-id=\"3a88ee58\" data-element_type=\"widget\" data-e-type=\"widget\" data-widget_type=\"heading.default\">\n\t\t\t\t<div class=\"elementor-widget-container\">\n\t\t\t\t\t<h1 class=\"elementor-heading-title elementor-size-default\">Independence Day\u200b<\/h1>\t\t\t\t<\/div>\n\t\t\t\t<\/div>\n\t\t\t\t\t<\/div>\n\t\t<\/div>\n\t\t\t\t\t<\/div>\n\t\t<\/section>\n\t\t\t\t<section class=\"elementor-section elementor-top-section elementor-element elementor-element-18f6b165 elementor-section-boxed elementor-section-height-default elementor-section-height-default\" data-id=\"18f6b165\" data-element_type=\"section\" data-e-type=\"section\" data-settings=\"{&quot;background_background&quot;:&quot;classic&quot;}\">\n\t\t\t\t\t\t\t<div class=\"elementor-background-overlay\"><\/div>\n\t\t\t\t\t\t\t<div class=\"elementor-container elementor-column-gap-default\">\n\t\t\t\t\t<div class=\"elementor-column elementor-col-100 elementor-top-column elementor-element elementor-element-2b3a68eb\" data-id=\"2b3a68eb\" data-element_type=\"column\" data-e-type=\"column\">\n\t\t\t<div class=\"elementor-widget-wrap elementor-element-populated\">\n\t\t\t\t\t\t<div class=\"elementor-element elementor-element-4fc673e elementor-widget elementor-widget-heading\" data-id=\"4fc673e\" data-element_type=\"widget\" data-e-type=\"widget\" data-widget_type=\"heading.default\">\n\t\t\t\t<div class=\"elementor-widget-container\">\n\t\t\t\t\t<h2 class=\"elementor-heading-title elementor-size-default\">Independence Day Menu<\/h2>\t\t\t\t<\/div>\n\t\t\t\t<\/div>\n\t\t\t\t<div class=\"elementor-element elementor-element-fbc7d15 elementor-widget elementor-widget-text-editor\" data-id=\"fbc7d15\" data-element_type=\"widget\" data-e-type=\"widget\" data-widget_type=\"text-editor.default\">\n\t\t\t\t<div class=\"elementor-widget-container\">\n\t\t\t\t\t\t\t\t\t<p>G = Gluten Free \u2022 L = Lactose Free \u2022 VL = Low Lactose \u2022 VE = Vegan<\/p>\t\t\t\t\t\t\t\t<\/div>\n\t\t\t\t<\/div>\n\t\t\t\t<section class=\"elementor-section elementor-inner-section elementor-element elementor-element-eb4bad5 elementor-section-content-top elementor-section-boxed elementor-section-height-default elementor-section-height-default\" data-id=\"eb4bad5\" data-element_type=\"section\" data-e-type=\"section\">\n\t\t\t\t\t\t<div class=\"elementor-container elementor-column-gap-wide\">\n\t\t\t\t\t<div class=\"elementor-column elementor-col-50 elementor-inner-column elementor-element elementor-element-1f1d15d4\" data-id=\"1f1d15d4\" data-element_type=\"column\" data-e-type=\"column\" data-settings=\"{&quot;background_background&quot;:&quot;classic&quot;}\">\n\t\t\t<div class=\"elementor-widget-wrap elementor-element-populated\">\n\t\t\t\t\t\t<div class=\"elementor-element elementor-element-5d0be9bf elementor-widget elementor-widget-heading\" data-id=\"5d0be9bf\" data-element_type=\"widget\" data-e-type=\"widget\" data-widget_type=\"heading.default\">\n\t\t\t\t<div class=\"elementor-widget-container\">\n\t\t\t\t\t<h4 class=\"elementor-heading-title elementor-size-default\">APPETIZER<\/h4>\t\t\t\t<\/div>\n\t\t\t\t<\/div>\n\t\t\t\t<div class=\"elementor-element elementor-element-15858262 elementor-widget elementor-widget-text-editor\" data-id=\"15858262\" data-element_type=\"widget\" data-e-type=\"widget\" data-widget_type=\"text-editor.default\">\n\t\t\t\t<div class=\"elementor-widget-container\">\n\t\t\t\t\t\t\t\t\t<p>Alcohol-free sparkling Cloudberry drink.<\/p>\t\t\t\t\t\t\t\t<\/div>\n\t\t\t\t<\/div>\n\t\t\t\t<div class=\"elementor-element elementor-element-39ddb02e elementor-widget elementor-widget-heading\" data-id=\"39ddb02e\" data-element_type=\"widget\" data-e-type=\"widget\" data-widget_type=\"heading.default\">\n\t\t\t\t<div class=\"elementor-widget-container\">\n\t\t\t\t\t<h4 class=\"elementor-heading-title elementor-size-default\">CREAMY MUSHROOM SOUP (L, G)<\/h4>\t\t\t\t<\/div>\n\t\t\t\t<\/div>\n\t\t\t\t<div class=\"elementor-element elementor-element-77817659 elementor-widget elementor-widget-text-editor\" data-id=\"77817659\" data-element_type=\"widget\" data-e-type=\"widget\" data-widget_type=\"text-editor.default\">\n\t\t\t\t<div class=\"elementor-widget-container\">\n\t\t\t\t\t\t\t\t\t<p>Creamy and rich soup, herbal oil and parsnip chips.<\/p>\t\t\t\t\t\t\t\t<\/div>\n\t\t\t\t<\/div>\n\t\t\t\t<div class=\"elementor-element elementor-element-3f10dedd elementor-widget elementor-widget-heading\" data-id=\"3f10dedd\" data-element_type=\"widget\" data-e-type=\"widget\" data-widget_type=\"heading.default\">\n\t\t\t\t<div class=\"elementor-widget-container\">\n\t\t\t\t\t<h4 class=\"elementor-heading-title elementor-size-default\">WHITEFISH FROM LAPLAND (L)<\/h4>\t\t\t\t<\/div>\n\t\t\t\t<\/div>\n\t\t\t\t<div class=\"elementor-element elementor-element-1c2d7367 elementor-widget elementor-widget-text-editor\" data-id=\"1c2d7367\" data-element_type=\"widget\" data-e-type=\"widget\" data-widget_type=\"text-editor.default\">\n\t\t\t\t<div class=\"elementor-widget-container\">\n\t\t\t\t\t\t\t\t\t<p>Sugar-salted whitefish, cr\u00e8me fra\u00edche mousse, dark balsamic vinegar, dill.<\/p>\t\t\t\t\t\t\t\t<\/div>\n\t\t\t\t<\/div>\n\t\t\t\t<div class=\"elementor-element elementor-element-1568eabe elementor-widget elementor-widget-heading\" data-id=\"1568eabe\" data-element_type=\"widget\" data-e-type=\"widget\" data-widget_type=\"heading.default\">\n\t\t\t\t<div class=\"elementor-widget-container\">\n\t\t\t\t\t<h4 class=\"elementor-heading-title elementor-size-default\">REINDEER FILLET WITH TWO SAUCES (L, G)<\/h4>\t\t\t\t<\/div>\n\t\t\t\t<\/div>\n\t\t\t\t<div class=\"elementor-element elementor-element-77bef433 elementor-widget elementor-widget-text-editor\" data-id=\"77bef433\" data-element_type=\"widget\" data-e-type=\"widget\" data-widget_type=\"text-editor.default\">\n\t\t\t\t<div class=\"elementor-widget-container\">\n\t\t\t\t\t\t\t\t\t<p>Reindeer tenderloin, ear mushroom and blueberry red wine sauce, herb stick and seasonal vegetables.<\/p>\t\t\t\t\t\t\t\t<\/div>\n\t\t\t\t<\/div>\n\t\t\t\t<div class=\"elementor-element elementor-element-5bdab871 elementor-widget elementor-widget-heading\" data-id=\"5bdab871\" data-element_type=\"widget\" data-e-type=\"widget\" data-widget_type=\"heading.default\">\n\t\t\t\t<div class=\"elementor-widget-container\">\n\t\t\t\t\t<h4 class=\"elementor-heading-title elementor-size-default\">WHITE CHOCOLATE-BUCKTHORN BERRY MOUSSE<\/h4>\t\t\t\t<\/div>\n\t\t\t\t<\/div>\n\t\t\t\t<div class=\"elementor-element elementor-element-6eabf907 elementor-widget elementor-widget-text-editor\" data-id=\"6eabf907\" data-element_type=\"widget\" data-e-type=\"widget\" data-widget_type=\"text-editor.default\">\n\t\t\t\t<div class=\"elementor-widget-container\">\n\t\t\t\t\t\t\t\t\t<p>incl. buckthorn berry-cloudberry sauce<\/p>\t\t\t\t\t\t\t\t<\/div>\n\t\t\t\t<\/div>\n\t\t\t\t<div class=\"elementor-element elementor-element-297c81e1 elementor-widget elementor-widget-text-editor\" data-id=\"297c81e1\" data-element_type=\"widget\" data-e-type=\"widget\" data-widget_type=\"text-editor.default\">\n\t\t\t\t<div class=\"elementor-widget-container\">\n\t\t\t\t\t\t\t\t\t<h4>77,00 \u20ac \/ person<\/h4><p>Children (4-12 years) 35,00 \u20ac\/person<\/p>\t\t\t\t\t\t\t\t<\/div>\n\t\t\t\t<\/div>\n\t\t\t\t\t<\/div>\n\t\t<\/div>\n\t\t\t\t<div class=\"elementor-column elementor-col-50 elementor-inner-column elementor-element elementor-element-5bbce3ad\" data-id=\"5bbce3ad\" data-element_type=\"column\" data-e-type=\"column\">\n\t\t\t<div class=\"elementor-widget-wrap elementor-element-populated\">\n\t\t\t\t\t\t<div class=\"elementor-element elementor-element-7ef8a41a elementor-widget elementor-widget-heading\" data-id=\"7ef8a41a\" data-element_type=\"widget\" data-e-type=\"widget\" data-widget_type=\"heading.default\">\n\t\t\t\t<div class=\"elementor-widget-container\">\n\t\t\t\t\t<h4 class=\"elementor-heading-title elementor-size-default\">Please reserve your table in time!<\/h4>\t\t\t\t<\/div>\n\t\t\t\t<\/div>\n\t\t\t\t<div class=\"elementor-element elementor-element-2b367f5f elementor-widget elementor-widget-text-editor\" data-id=\"2b367f5f\" data-element_type=\"widget\" data-e-type=\"widget\" data-widget_type=\"text-editor.default\">\n\t\t\t\t<div class=\"elementor-widget-container\">\n\t\t\t\t\t\t\t\t\t<p>Reservations and inquiries<br \/>+358 (0)8 868 1219<br \/>riistaravintola@riipisen.fi<\/p>\t\t\t\t\t\t\t\t<\/div>\n\t\t\t\t<\/div>\n\t\t\t\t<div class=\"elementor-element elementor-element-19c66fd0 elementor-align-center elementor-widget elementor-widget-button\" data-id=\"19c66fd0\" data-element_type=\"widget\" data-e-type=\"widget\" data-widget_type=\"button.default\">\n\t\t\t\t<div class=\"elementor-widget-container\">\n\t\t\t\t\t\t\t\t\t<div class=\"elementor-button-wrapper\">\n\t\t\t\t\t<a class=\"elementor-button elementor-button-link elementor-size-lg\" href=\"https:\/\/www.riistaravintola.fi\/en\/poytavaraukset\/\">\n\t\t\t\t\t\t<span class=\"elementor-button-content-wrapper\">\n\t\t\t\t\t\t\t\t\t<span class=\"elementor-button-text\">\u00bb TABLE RESERVATIONS<\/span>\n\t\t\t\t\t<\/span>\n\t\t\t\t\t<\/a>\n\t\t\t\t<\/div>\n\t\t\t\t\t\t\t\t<\/div>\n\t\t\t\t<\/div>\n\t\t\t\t<div class=\"elementor-element elementor-element-18923856 elementor-widget-divider--view-line elementor-widget elementor-widget-divider\" data-id=\"18923856\" data-element_type=\"widget\" data-e-type=\"widget\" data-widget_type=\"divider.default\">\n\t\t\t\t<div class=\"elementor-widget-container\">\n\t\t\t\t\t\t\t<div class=\"elementor-divider\">\n\t\t\t<span class=\"elementor-divider-separator\">\n\t\t\t\t\t\t<\/span>\n\t\t<\/div>\n\t\t\t\t\t\t<\/div>\n\t\t\t\t<\/div>\n\t\t\t\t<div class=\"elementor-element elementor-element-423d219e elementor-widget elementor-widget-text-editor\" data-id=\"423d219e\" data-element_type=\"widget\" data-e-type=\"widget\" data-widget_type=\"text-editor.default\">\n\t\t\t\t<div class=\"elementor-widget-container\">\n\t\t\t\t\t\t\t\t\t<p>On Father's Day, our normal \u00e1 la carte menu is also available.<\/p>\t\t\t\t\t\t\t\t<\/div>\n\t\t\t\t<\/div>\n\t\t\t\t<div class=\"elementor-element elementor-element-74725a67 elementor-align-center elementor-widget elementor-widget-button\" data-id=\"74725a67\" data-element_type=\"widget\" data-e-type=\"widget\" data-widget_type=\"button.default\">\n\t\t\t\t<div class=\"elementor-widget-container\">\n\t\t\t\t\t\t\t\t\t<div class=\"elementor-button-wrapper\">\n\t\t\t\t\t<a class=\"elementor-button elementor-button-link elementor-size-xs\" href=\"#\">\n\t\t\t\t\t\t<span class=\"elementor-button-content-wrapper\">\n\t\t\t\t\t\t\t\t\t<span class=\"elementor-button-text\">\u00bb \u00c1 LA CARTE MENU<\/span>\n\t\t\t\t\t<\/span>\n\t\t\t\t\t<\/a>\n\t\t\t\t<\/div>\n\t\t\t\t\t\t\t\t<\/div>\n\t\t\t\t<\/div>\n\t\t\t\t<div class=\"elementor-element elementor-element-4f26a73 elementor-widget-divider--view-line elementor-widget elementor-widget-divider\" data-id=\"4f26a73\" data-element_type=\"widget\" data-e-type=\"widget\" data-widget_type=\"divider.default\">\n\t\t\t\t<div class=\"elementor-widget-container\">\n\t\t\t\t\t\t\t<div class=\"elementor-divider\">\n\t\t\t<span class=\"elementor-divider-separator\">\n\t\t\t\t\t\t<\/span>\n\t\t<\/div>\n\t\t\t\t\t\t<\/div>\n\t\t\t\t<\/div>\n\t\t\t\t<div class=\"elementor-element elementor-element-ddaac83 elementor-widget elementor-widget-text-editor\" data-id=\"ddaac83\" data-element_type=\"widget\" data-e-type=\"widget\" data-widget_type=\"text-editor.default\">\n\t\t\t\t<div class=\"elementor-widget-container\">\n\t\t\t\t\t\t\t\t\t<p>OPEN<br \/>Mon-Sat 1pm-10pm<br \/>Mon-Sat 1pm-10pm<br \/>(Kitchen open 1pm-9pm)<\/p><p>Rukatunturintie 6, FI93830 Rukatunturi, Finland<br \/>tel. +358 8 868 1219<\/p>\t\t\t\t\t\t\t\t<\/div>\n\t\t\t\t<\/div>\n\t\t\t\t\t<\/div>\n\t\t<\/div>\n\t\t\t\t\t<\/div>\n\t\t<\/section>\n\t\t\t\t\t<\/div>\n\t\t<\/div>\n\t\t\t\t\t<\/div>\n\t\t<\/section>\n\t\t\t\t<section class=\"elementor-section elementor-top-section elementor-element elementor-element-d932d4b elementor-section-boxed elementor-section-height-default elementor-section-height-default\" data-id=\"d932d4b\" data-element_type=\"section\" data-e-type=\"section\" data-settings=\"{&quot;background_background&quot;:&quot;classic&quot;}\">\n\t\t\t\t\t\t<div class=\"elementor-container elementor-column-gap-default\">\n\t\t\t\t\t<div class=\"elementor-column elementor-col-100 elementor-top-column elementor-element elementor-element-7a15966\" data-id=\"7a15966\" data-element_type=\"column\" data-e-type=\"column\">\n\t\t\t<div class=\"elementor-widget-wrap elementor-element-populated\">\n\t\t\t\t\t\t<div class=\"elementor-element elementor-element-0a7bc35 elementor-widget elementor-widget-shortcode\" data-id=\"0a7bc35\" data-element_type=\"widget\" data-e-type=\"widget\" data-widget_type=\"shortcode.default\">\n\t\t\t\t<div class=\"elementor-widget-container\">\n\t\t\t\t\t\t\t<div class=\"elementor-shortcode\"><\/div>\n\t\t\t\t\t\t<\/div>\n\t\t\t\t<\/div>\n\t\t\t\t\t<\/div>\n\t\t<\/div>\n\t\t\t\t\t<\/div>\n\t\t<\/section>\n\t\t\t\t<\/div>","protected":false},"excerpt":{"rendered":"<p>Riistaravintolan Itsen\u00e4isyysp\u00e4iv\u00e4 Itsen\u00e4isyysp\u00e4iv\u00e4n Menu G = Gluteeniton \u2022 L = Laktoositon \u2022 VL = V\u00e4h\u00e4laktoosinen \u2022 VE = Vegaaninen ALKUMALJA Alkoholiton lakkakuohuva. KERMAINEN SIENIKEITTO (L, G) Kermainen ja t\u00e4ytel\u00e4inen keitto, yrtti\u00f6ljy\u00e4 ja palsternakkalastua. TUNTURIN SIIKAA (L) Sokerisuolattua siikaa, cr\u00e8me fra\u00edche moussea, tummaa balsamicoa, tilli\u00e4. PORON SIS\u00c4FILETT\u00c4 KAHDELLA KASTIKKEELLA (L, G) Poron sis\u00e4file, korvasieni- ja mustikkapunaviinikastiketta, [&hellip;]<\/p>\n","protected":false},"author":6,"featured_media":1809,"parent":0,"menu_order":0,"comment_status":"closed","ping_status":"closed","template":"","meta":{"footnotes":""},"class_list":["post-2680","page","type-page","status-publish","has-post-thumbnail","hentry"],"yoast_head":"<!-- This site is optimized with the Yoast SEO plugin v27.4 - https:\/\/yoast.com\/product\/yoast-seo-wordpress\/ -->\n<title>Itsen\u00e4isyysp\u00e4iv\u00e4n menu - Riipisen Riistaravintola<\/title>\n<meta name=\"robots\" content=\"index, follow, max-snippet:-1, max-image-preview:large, max-video-preview:-1\" \/>\n<link rel=\"canonical\" href=\"https:\/\/www.riistaravintola.fi\/en\/itsenaisyyspaivan-menu\/\" \/>\n<meta property=\"og:locale\" content=\"en_GB\" \/>\n<meta property=\"og:type\" content=\"article\" \/>\n<meta property=\"og:title\" content=\"Itsen\u00e4isyysp\u00e4iv\u00e4n menu - Riipisen Riistaravintola\" \/>\n<meta property=\"og:description\" content=\"Riistaravintolan Itsen\u00e4isyysp\u00e4iv\u00e4 Itsen\u00e4isyysp\u00e4iv\u00e4n Menu G = Gluteeniton \u2022 L = Laktoositon \u2022 VL = V\u00e4h\u00e4laktoosinen \u2022 VE = Vegaaninen ALKUMALJA Alkoholiton lakkakuohuva. KERMAINEN SIENIKEITTO (L, G) Kermainen ja t\u00e4ytel\u00e4inen keitto, yrtti\u00f6ljy\u00e4 ja palsternakkalastua. TUNTURIN SIIKAA (L) Sokerisuolattua siikaa, cr\u00e8me fra\u00edche moussea, tummaa balsamicoa, tilli\u00e4. PORON SIS\u00c4FILETT\u00c4 KAHDELLA KASTIKKEELLA (L, G) Poron sis\u00e4file, korvasieni- ja mustikkapunaviinikastiketta, [&hellip;]\" \/>\n<meta property=\"og:url\" content=\"https:\/\/www.riistaravintola.fi\/en\/itsenaisyyspaivan-menu\/\" \/>\n<meta property=\"og:site_name\" content=\"Riipisen Riistaravintola\" \/>\n<meta property=\"article:publisher\" content=\"https:\/\/www.facebook.com\/RiipisenRiistaravintola\" \/>\n<meta property=\"article:modified_time\" content=\"2025-10-08T10:13:34+00:00\" \/>\n<meta property=\"og:image\" content=\"https:\/\/www.riistaravintola.fi\/wp-content\/uploads\/2018\/04\/Riipisen_Riistaravintola_8.2.2018-29.jpg\" \/>\n\t<meta property=\"og:image:width\" content=\"1000\" \/>\n\t<meta property=\"og:image:height\" content=\"563\" \/>\n\t<meta property=\"og:image:type\" content=\"image\/jpeg\" \/>\n<meta name=\"twitter:label1\" content=\"Estimated reading time\" \/>\n\t<meta name=\"twitter:data1\" content=\"1 minute\" \/>\n<script type=\"application\/ld+json\" class=\"yoast-schema-graph\">{\"@context\":\"https:\\\/\\\/schema.org\",\"@graph\":[{\"@type\":\"WebPage\",\"@id\":\"https:\\\/\\\/www.riistaravintola.fi\\\/itsenaisyyspaivan-menu\\\/\",\"url\":\"https:\\\/\\\/www.riistaravintola.fi\\\/itsenaisyyspaivan-menu\\\/\",\"name\":\"Itsen\u00e4isyysp\u00e4iv\u00e4n menu - Riipisen Riistaravintola\",\"isPartOf\":{\"@id\":\"https:\\\/\\\/www.riistaravintola.fi\\\/#website\"},\"primaryImageOfPage\":{\"@id\":\"https:\\\/\\\/www.riistaravintola.fi\\\/itsenaisyyspaivan-menu\\\/#primaryimage\"},\"image\":{\"@id\":\"https:\\\/\\\/www.riistaravintola.fi\\\/itsenaisyyspaivan-menu\\\/#primaryimage\"},\"thumbnailUrl\":\"https:\\\/\\\/www.riistaravintola.fi\\\/wp-content\\\/uploads\\\/2018\\\/04\\\/Riipisen_Riistaravintola_8.2.2018-29.jpg\",\"datePublished\":\"2023-09-29T11:14:13+00:00\",\"dateModified\":\"2025-10-08T10:13:34+00:00\",\"inLanguage\":\"en-GB\",\"potentialAction\":[{\"@type\":\"ReadAction\",\"target\":[\"https:\\\/\\\/www.riistaravintola.fi\\\/itsenaisyyspaivan-menu\\\/\"]}]},{\"@type\":\"ImageObject\",\"inLanguage\":\"en-GB\",\"@id\":\"https:\\\/\\\/www.riistaravintola.fi\\\/itsenaisyyspaivan-menu\\\/#primaryimage\",\"url\":\"https:\\\/\\\/www.riistaravintola.fi\\\/wp-content\\\/uploads\\\/2018\\\/04\\\/Riipisen_Riistaravintola_8.2.2018-29.jpg\",\"contentUrl\":\"https:\\\/\\\/www.riistaravintola.fi\\\/wp-content\\\/uploads\\\/2018\\\/04\\\/Riipisen_Riistaravintola_8.2.2018-29.jpg\",\"width\":1000,\"height\":563},{\"@type\":\"WebSite\",\"@id\":\"https:\\\/\\\/www.riistaravintola.fi\\\/#website\",\"url\":\"https:\\\/\\\/www.riistaravintola.fi\\\/\",\"name\":\"Riipisen Riistaravintola\",\"description\":\"Aitoa villiruokaa jo vuodesta 1989\",\"publisher\":{\"@id\":\"https:\\\/\\\/www.riistaravintola.fi\\\/#organization\"},\"potentialAction\":[{\"@type\":\"SearchAction\",\"target\":{\"@type\":\"EntryPoint\",\"urlTemplate\":\"https:\\\/\\\/www.riistaravintola.fi\\\/?s={search_term_string}\"},\"query-input\":{\"@type\":\"PropertyValueSpecification\",\"valueRequired\":true,\"valueName\":\"search_term_string\"}}],\"inLanguage\":\"en-GB\"},{\"@type\":\"Organization\",\"@id\":\"https:\\\/\\\/www.riistaravintola.fi\\\/#organization\",\"name\":\"Riipisen Riistaravintola\",\"url\":\"https:\\\/\\\/www.riistaravintola.fi\\\/\",\"logo\":{\"@type\":\"ImageObject\",\"inLanguage\":\"en-GB\",\"@id\":\"https:\\\/\\\/www.riistaravintola.fi\\\/#\\\/schema\\\/logo\\\/image\\\/\",\"url\":\"https:\\\/\\\/www.riistaravintola.fi\\\/wp-content\\\/uploads\\\/2023\\\/09\\\/riipisen_logo.jpg\",\"contentUrl\":\"https:\\\/\\\/www.riistaravintola.fi\\\/wp-content\\\/uploads\\\/2023\\\/09\\\/riipisen_logo.jpg\",\"width\":400,\"height\":277,\"caption\":\"Riipisen Riistaravintola\"},\"image\":{\"@id\":\"https:\\\/\\\/www.riistaravintola.fi\\\/#\\\/schema\\\/logo\\\/image\\\/\"},\"sameAs\":[\"https:\\\/\\\/www.facebook.com\\\/RiipisenRiistaravintola\",\"https:\\\/\\\/www.instagram.com\\\/riipisenriistaravintola\"]}]}<\/script>\n<!-- \/ Yoast SEO plugin. -->","yoast_head_json":{"title":"Itsen\u00e4isyysp\u00e4iv\u00e4n menu - Riipisen Riistaravintola","robots":{"index":"index","follow":"follow","max-snippet":"max-snippet:-1","max-image-preview":"max-image-preview:large","max-video-preview":"max-video-preview:-1"},"canonical":"https:\/\/www.riistaravintola.fi\/en\/itsenaisyyspaivan-menu\/","og_locale":"en_GB","og_type":"article","og_title":"Itsen\u00e4isyysp\u00e4iv\u00e4n menu - Riipisen Riistaravintola","og_description":"Riistaravintolan Itsen\u00e4isyysp\u00e4iv\u00e4 Itsen\u00e4isyysp\u00e4iv\u00e4n Menu G = Gluteeniton \u2022 L = Laktoositon \u2022 VL = V\u00e4h\u00e4laktoosinen \u2022 VE = Vegaaninen ALKUMALJA Alkoholiton lakkakuohuva. KERMAINEN SIENIKEITTO (L, G) Kermainen ja t\u00e4ytel\u00e4inen keitto, yrtti\u00f6ljy\u00e4 ja palsternakkalastua. TUNTURIN SIIKAA (L) Sokerisuolattua siikaa, cr\u00e8me fra\u00edche moussea, tummaa balsamicoa, tilli\u00e4. PORON SIS\u00c4FILETT\u00c4 KAHDELLA KASTIKKEELLA (L, G) Poron sis\u00e4file, korvasieni- ja mustikkapunaviinikastiketta, [&hellip;]","og_url":"https:\/\/www.riistaravintola.fi\/en\/itsenaisyyspaivan-menu\/","og_site_name":"Riipisen Riistaravintola","article_publisher":"https:\/\/www.facebook.com\/RiipisenRiistaravintola","article_modified_time":"2025-10-08T10:13:34+00:00","og_image":[{"width":1000,"height":563,"url":"https:\/\/www.riistaravintola.fi\/wp-content\/uploads\/2018\/04\/Riipisen_Riistaravintola_8.2.2018-29.jpg","type":"image\/jpeg"}],"twitter_misc":{"Estimated reading time":"1 minute"},"schema":{"@context":"https:\/\/schema.org","@graph":[{"@type":"WebPage","@id":"https:\/\/www.riistaravintola.fi\/itsenaisyyspaivan-menu\/","url":"https:\/\/www.riistaravintola.fi\/itsenaisyyspaivan-menu\/","name":"Itsen\u00e4isyysp\u00e4iv\u00e4n menu - Riipisen Riistaravintola","isPartOf":{"@id":"https:\/\/www.riistaravintola.fi\/#website"},"primaryImageOfPage":{"@id":"https:\/\/www.riistaravintola.fi\/itsenaisyyspaivan-menu\/#primaryimage"},"image":{"@id":"https:\/\/www.riistaravintola.fi\/itsenaisyyspaivan-menu\/#primaryimage"},"thumbnailUrl":"https:\/\/www.riistaravintola.fi\/wp-content\/uploads\/2018\/04\/Riipisen_Riistaravintola_8.2.2018-29.jpg","datePublished":"2023-09-29T11:14:13+00:00","dateModified":"2025-10-08T10:13:34+00:00","inLanguage":"en-GB","potentialAction":[{"@type":"ReadAction","target":["https:\/\/www.riistaravintola.fi\/itsenaisyyspaivan-menu\/"]}]},{"@type":"ImageObject","inLanguage":"en-GB","@id":"https:\/\/www.riistaravintola.fi\/itsenaisyyspaivan-menu\/#primaryimage","url":"https:\/\/www.riistaravintola.fi\/wp-content\/uploads\/2018\/04\/Riipisen_Riistaravintola_8.2.2018-29.jpg","contentUrl":"https:\/\/www.riistaravintola.fi\/wp-content\/uploads\/2018\/04\/Riipisen_Riistaravintola_8.2.2018-29.jpg","width":1000,"height":563},{"@type":"WebSite","@id":"https:\/\/www.riistaravintola.fi\/#website","url":"https:\/\/www.riistaravintola.fi\/","name":"Riipisen Wild Game Restaurant","description":"Authentic Wild Food Since 1989","publisher":{"@id":"https:\/\/www.riistaravintola.fi\/#organization"},"potentialAction":[{"@type":"SearchAction","target":{"@type":"EntryPoint","urlTemplate":"https:\/\/www.riistaravintola.fi\/?s={search_term_string}"},"query-input":{"@type":"PropertyValueSpecification","valueRequired":true,"valueName":"search_term_string"}}],"inLanguage":"en-GB"},{"@type":"Organization","@id":"https:\/\/www.riistaravintola.fi\/#organization","name":"Riipisen Wild Game Restaurant","url":"https:\/\/www.riistaravintola.fi\/","logo":{"@type":"ImageObject","inLanguage":"en-GB","@id":"https:\/\/www.riistaravintola.fi\/#\/schema\/logo\/image\/","url":"https:\/\/www.riistaravintola.fi\/wp-content\/uploads\/2023\/09\/riipisen_logo.jpg","contentUrl":"https:\/\/www.riistaravintola.fi\/wp-content\/uploads\/2023\/09\/riipisen_logo.jpg","width":400,"height":277,"caption":"Riipisen Riistaravintola"},"image":{"@id":"https:\/\/www.riistaravintola.fi\/#\/schema\/logo\/image\/"},"sameAs":["https:\/\/www.facebook.com\/RiipisenRiistaravintola","https:\/\/www.instagram.com\/riipisenriistaravintola"]}]}},"_links":{"self":[{"href":"https:\/\/www.riistaravintola.fi\/en\/wp-json\/wp\/v2\/pages\/2680","targetHints":{"allow":["GET"]}}],"collection":[{"href":"https:\/\/www.riistaravintola.fi\/en\/wp-json\/wp\/v2\/pages"}],"about":[{"href":"https:\/\/www.riistaravintola.fi\/en\/wp-json\/wp\/v2\/types\/page"}],"author":[{"embeddable":true,"href":"https:\/\/www.riistaravintola.fi\/en\/wp-json\/wp\/v2\/users\/6"}],"replies":[{"embeddable":true,"href":"https:\/\/www.riistaravintola.fi\/en\/wp-json\/wp\/v2\/comments?post=2680"}],"version-history":[{"count":12,"href":"https:\/\/www.riistaravintola.fi\/en\/wp-json\/wp\/v2\/pages\/2680\/revisions"}],"predecessor-version":[{"id":4306,"href":"https:\/\/www.riistaravintola.fi\/en\/wp-json\/wp\/v2\/pages\/2680\/revisions\/4306"}],"wp:featuredmedia":[{"embeddable":true,"href":"https:\/\/www.riistaravintola.fi\/en\/wp-json\/wp\/v2\/media\/1809"}],"wp:attachment":[{"href":"https:\/\/www.riistaravintola.fi\/en\/wp-json\/wp\/v2\/media?parent=2680"}],"curies":[{"name":"wp","href":"https:\/\/api.w.org\/{rel}","templated":true}]}}